{"id":787,"date":"2025-02-02T21:51:56","date_gmt":"2025-02-02T19:51:56","guid":{"rendered":"https:\/\/hubertus.fi\/?page_id=787"},"modified":"2026-01-13T12:17:28","modified_gmt":"2026-01-13T10:17:28","slug":"johtokunta","status":"publish","type":"page","link":"https:\/\/hubertus.fi\/sv\/johtokunta\/","title":{"rendered":"Styrelse"},"content":{"rendered":"<p>[et_pb_section fb_built=&#8221;1&#8243; _builder_version=&#8221;4.25.1&#8243; _module_preset=&#8221;default&#8221; background_color=&#8221;#1F4C56&#8243; global_colors_info=&#8221;{}&#8221;][et_pb_row custom_padding_last_edited=&#8221;on|phone&#8221; _builder_version=&#8221;4.25.1&#8243; _module_preset=&#8221;default&#8221; custom_padding=&#8221;120px||80px||false|false&#8221; custom_padding_tablet=&#8221;&#8221; custom_padding_phone=&#8221;||30px||false|false&#8221; global_colors_info=&#8221;{}&#8221;][et_pb_column type=&#8221;4_4&#8243; _builder_version=&#8221;4.25.1&#8243; _module_preset=&#8221;default&#8221; global_colors_info=&#8221;{}&#8221;][et_pb_text _builder_version=&#8221;4.27.4&#8243; _module_preset=&#8221;default&#8221; header_font=&#8221;||||||||&#8221; header_text_color=&#8221;#FFFFFF&#8221; header_font_size=&#8221;70px&#8221; header_line_height=&#8221;1.1em&#8221; header_font_size_tablet=&#8221;40px&#8221; header_font_size_phone=&#8221;30px&#8221; header_font_size_last_edited=&#8221;on|phone&#8221; global_colors_info=&#8221;{}&#8221;]<\/p>\n<h1 style=\"text-align: left;\">Vaasan Hubertus johtokunta<\/h1>\n<p>[\/et_pb_text][\/et_pb_column][\/et_pb_row][\/et_pb_section][et_pb_section fb_built=&#8221;1&#8243; disabled_on=&#8221;off|off|on&#8221; _builder_version=&#8221;4.25.1&#8243; _module_preset=&#8221;default&#8221; background_color=&#8221;#1F4C56&#8243; positioning=&#8221;fixed&#8221; position_origin_f=&#8221;bottom_center&#8221; z_index=&#8221;11&#8243; custom_padding=&#8221;0px||0px||true|false&#8221; global_colors_info=&#8221;{}&#8221;][et_pb_row column_structure=&#8221;1_3,1_3,1_3&#8243; _builder_version=&#8221;4.25.1&#8243; _module_preset=&#8221;default&#8221; width=&#8221;90%&#8221; max_height=&#8221;90px&#8221; custom_margin=&#8221;||||false|false&#8221; custom_padding=&#8221;30px||0px||false|false&#8221; custom_css_main_element=&#8221;display: flex;&#8221; global_colors_info=&#8221;{}&#8221;][et_pb_column type=&#8221;1_3&#8243; _builder_version=&#8221;4.25.1&#8243; _module_preset=&#8221;default&#8221; global_colors_info=&#8221;{}&#8221;][et_pb_blurb use_icon=&#8221;on&#8221; font_icon=&#8221;&#xf2b6;||fa||400&#8243; image_icon_width=&#8221;26px&#8221; _builder_version=&#8221;4.25.1&#8243; _module_preset=&#8221;default&#8221; custom_padding=&#8221;0px||0px||false|false&#8221; link_option_url=&#8221;mailto:johtokuntavh@gmail.com&#8221; global_colors_info=&#8221;{}&#8221;][\/et_pb_blurb][\/et_pb_column][et_pb_column type=&#8221;1_3&#8243; _builder_version=&#8221;4.25.1&#8243; _module_preset=&#8221;default&#8221; global_colors_info=&#8221;{}&#8221;][et_pb_blurb use_icon=&#8221;on&#8221; font_icon=&#8221;&#xf3cd;||fa||900&#8243; image_icon_width=&#8221;26px&#8221; _builder_version=&#8221;4.25.1&#8243; _module_preset=&#8221;default&#8221; custom_padding=&#8221;0px||0px||true|false&#8221; link_option_url=&#8221;tel:+358443772101&#8243; global_colors_info=&#8221;{}&#8221;][\/et_pb_blurb][\/et_pb_column][et_pb_column type=&#8221;1_3&#8243; _builder_version=&#8221;4.25.1&#8243; _module_preset=&#8221;default&#8221; global_colors_info=&#8221;{}&#8221;][et_pb_blurb use_icon=&#8221;on&#8221; font_icon=&#8221;&#xe081;||divi||400&#8243; image_icon_width=&#8221;26px&#8221; _builder_version=&#8221;4.25.1&#8243; _module_preset=&#8221;default&#8221; custom_padding=&#8221;0px||0px||true|false&#8221; link_option_url=&#8221;https:\/\/maps.app.goo.gl\/Xk64QNqiuJdpbJcv9&#8243; global_colors_info=&#8221;{}&#8221;][\/et_pb_blurb][\/et_pb_column][\/et_pb_row][\/et_pb_section][et_pb_section fb_built=&#8221;1&#8243; disabled_on=&#8221;off|off|off&#8221; _builder_version=&#8221;4.25.1&#8243; _module_preset=&#8221;default&#8221; global_colors_info=&#8221;{}&#8221;][et_pb_row column_structure=&#8221;1_2,1_2&#8243; _builder_version=&#8221;4.27.4&#8243; _module_preset=&#8221;default&#8221; global_colors_info=&#8221;{}&#8221;][et_pb_column type=&#8221;1_2&#8243; _builder_version=&#8221;4.27.4&#8243; _module_preset=&#8221;default&#8221; global_colors_info=&#8221;{}&#8221;][et_pb_image src=&#8221;https:\/\/hubertus.fi\/wp-content\/uploads\/2024\/05\/432380473_798853142273073_8185163093177720413_n.jpg&#8221; title_text=&#8221;432380473_798853142273073_8185163093177720413_n&#8221; _builder_version=&#8221;4.27.4&#8243; _module_preset=&#8221;default&#8221; global_colors_info=&#8221;{}&#8221;][\/et_pb_image][\/et_pb_column][et_pb_column type=&#8221;1_2&#8243; _builder_version=&#8221;4.27.4&#8243; _module_preset=&#8221;default&#8221; global_colors_info=&#8221;{}&#8221;][et_pb_text _builder_version=&#8221;4.27.5&#8243; _module_preset=&#8221;default&#8221; text_font_size=&#8221;16px&#8221; custom_margin=&#8221;15px||||false|false&#8221; hover_enabled=&#8221;0&#8243; global_colors_info=&#8221;{}&#8221; sticky_enabled=&#8221;0&#8243;]<\/p>\n<h2>Johtokunta 2026<\/h2>\n<p>&nbsp;<\/p>\n<p><strong>Hanna Niemi-Korpi<\/strong>\u00a0 Puheenjohtaja<\/p>\n<p><strong>Tore Gr\u00f6nlund<\/strong>\u00a0 Varapuheenjohtaja<\/p>\n<p><strong>Tiia Alkkiom\u00e4ki<\/strong>\u00a0 Sihteeri<\/p>\n<p><strong>Tove Lindell<\/strong>\u00a0 Rahastonhoitaja<\/p>\n<p><strong>Katri Vieri<\/strong>\u00a0 J\u00e4sensihteeri<\/p>\n<p><strong>Elisa Ilkkala\u00a0<\/strong> J\u00e4sen<\/p>\n<p><strong>Anu Haavisto<\/strong>\u00a0 J\u00e4sen<\/p>\n<p><strong>Niina R\u00e4s\u00e4nen<\/strong>\u00a0 Varaj\u00e4sen<\/p>\n<p><strong>Lotta Kalamo<\/strong>\u00a0 Varaj\u00e4sen<\/p>\n<p><strong>Laura M\u00e4kinen<\/strong>\u00a0 Varaj\u00e4sen<\/p>\n<p>[\/et_pb_text][\/et_pb_column][\/et_pb_row][\/et_pb_section]<\/p>\n","protected":false},"excerpt":{"rendered":"<p>Vaasan Hubertus johtokuntaJohtokunta 2026 &nbsp; Hanna Niemi-Korpi\u00a0 Puheenjohtaja Tore Gr\u00f6nlund\u00a0 Varapuheenjohtaja Tiia Alkkiom\u00e4ki\u00a0 Sihteeri Tove Lindell\u00a0 Rahastonhoitaja Katri Vieri\u00a0 J\u00e4sensihteeri Elisa Ilkkala\u00a0 J\u00e4sen Anu Haavisto\u00a0 J\u00e4sen Niina R\u00e4s\u00e4nen\u00a0 Varaj\u00e4sen Lotta Kalamo\u00a0 Varaj\u00e4sen Laura M\u00e4kinen\u00a0 Varaj\u00e4sen<\/p>","protected":false},"author":1,"featured_media":0,"parent":0,"menu_order":0,"comment_status":"closed","ping_status":"closed","template":"","meta":{"_et_pb_use_builder":"on","_et_pb_old_content":"","_et_gb_content_width":"","footnotes":""},"class_list":["post-787","page","type-page","status-publish","hentry"],"_links":{"self":[{"href":"https:\/\/hubertus.fi\/sv\/wp-json\/wp\/v2\/pages\/787","targetHints":{"allow":["GET"]}}],"collection":[{"href":"https:\/\/hubertus.fi\/sv\/wp-json\/wp\/v2\/pages"}],"about":[{"href":"https:\/\/hubertus.fi\/sv\/wp-json\/wp\/v2\/types\/page"}],"author":[{"embeddable":true,"href":"https:\/\/hubertus.fi\/sv\/wp-json\/wp\/v2\/users\/1"}],"replies":[{"embeddable":true,"href":"https:\/\/hubertus.fi\/sv\/wp-json\/wp\/v2\/comments?post=787"}],"version-history":[{"count":11,"href":"https:\/\/hubertus.fi\/sv\/wp-json\/wp\/v2\/pages\/787\/revisions"}],"predecessor-version":[{"id":872,"href":"https:\/\/hubertus.fi\/sv\/wp-json\/wp\/v2\/pages\/787\/revisions\/872"}],"wp:attachment":[{"href":"https:\/\/hubertus.fi\/sv\/wp-json\/wp\/v2\/media?parent=787"}],"curies":[{"name":"wp","href":"https:\/\/api.w.org\/{rel}","templated":true}]}}