{"id":548,"date":"2024-06-05T14:55:23","date_gmt":"2024-06-05T11:55:23","guid":{"rendered":"https:\/\/hubertus.fi\/?page_id=548"},"modified":"2025-02-02T21:07:58","modified_gmt":"2025-02-02T19:07:58","slug":"tallipaikka-vaasan-hubertuksella","status":"publish","type":"page","link":"https:\/\/hubertus.fi\/sv\/tallipaikka-vaasan-hubertuksella\/","title":{"rendered":"Stallplats p\u00e5 Vasa Hubertus"},"content":{"rendered":"<p>[et_pb_section fb_built=&#8221;1&#8243; _builder_version=&#8221;4.25.1&#8243; _module_preset=&#8221;default&#8221; background_color=&#8221;#1F4C56&#8243; global_colors_info=&#8221;{}&#8221;][et_pb_row custom_padding_last_edited=&#8221;on|phone&#8221; _builder_version=&#8221;4.25.1&#8243; _module_preset=&#8221;default&#8221; custom_padding=&#8221;120px||80px||false|false&#8221; custom_padding_tablet=&#8221;||50px||false|false&#8221; custom_padding_phone=&#8221;||30px||false|false&#8221; global_colors_info=&#8221;{}&#8221;][et_pb_column type=&#8221;4_4&#8243; _builder_version=&#8221;4.25.1&#8243; _module_preset=&#8221;default&#8221; global_colors_info=&#8221;{}&#8221;][et_pb_text _builder_version=&#8221;4.25.1&#8243; _module_preset=&#8221;default&#8221; header_text_align=&#8221;left&#8221; header_text_color=&#8221;#FFFFFF&#8221; header_font_size=&#8221;65px&#8221; header_line_height=&#8221;1.1em&#8221; header_font_size_tablet=&#8221;40px&#8221; header_font_size_phone=&#8221;30px&#8221; header_font_size_last_edited=&#8221;on|tablet&#8221; global_colors_info=&#8221;{}&#8221;]<\/p>\n<h1>Tallipaikka Vaasan Hubertuksella<\/h1>\n<p>[\/et_pb_text][\/et_pb_column][\/et_pb_row][\/et_pb_section][et_pb_section fb_built=&#8221;1&#8243; _builder_version=&#8221;4.25.1&#8243; _module_preset=&#8221;default&#8221; global_colors_info=&#8221;{}&#8221;][et_pb_row _builder_version=&#8221;4.25.1&#8243; _module_preset=&#8221;default&#8221; global_colors_info=&#8221;{}&#8221;][et_pb_column type=&#8221;4_4&#8243; _builder_version=&#8221;4.25.1&#8243; _module_preset=&#8221;default&#8221; global_colors_info=&#8221;{}&#8221;][et_pb_text _builder_version=&#8221;4.27.4&#8243; _module_preset=&#8221;default&#8221; text_font_size=&#8221;18px&#8221; text_line_height=&#8221;1.8em&#8221; link_font=&#8221;||||on||||&#8221; ul_line_height=&#8221;1.8em&#8221; hover_enabled=&#8221;0&#8243; text_font_size_tablet=&#8221;16px&#8221; text_font_size_phone=&#8221;15px&#8221; text_font_size_last_edited=&#8221;on|phone&#8221; global_colors_info=&#8221;{}&#8221; sticky_enabled=&#8221;0&#8243;]<\/p>\n<p>&nbsp;<\/p>\n<p>Tallimme sijaitsee rauhallisella Pukinj\u00e4rven alueella, vain nelj\u00e4n kilometrin p\u00e4\u00e4ss\u00e4 keskustasta hyvien kulkuyhteyksien p\u00e4\u00e4ss\u00e4. Tarjoamme tallipaikkoja sek\u00e4 t\u00e4ysihoidolla ett\u00e4 puolihoidolla.<\/p>\n<p>Asiakkaidemme k\u00e4yt\u00f6ss\u00e4 on ymp\u00e4ri vuoden t\u00e4yspitk\u00e4, valoisa maneesi, jonka pohjaa huolletaan s\u00e4\u00e4nn\u00f6llisesti. Lis\u00e4ksi kaksi kentt\u00e4\u00e4, isompi hiekkapohjainen estekentt\u00e4, jolla estekalusto valmiina kes\u00e4kaudella, ja pienempi hiekka-kumirouhepohjainen kentt\u00e4. Molemmat kent\u00e4t ovat aidattuja ja valaistuja. Tallillamme k\u00e4y viikoittain useita paikallisia valmentajia, ja mahdollisuuksien mukaan j\u00e4rjest\u00e4mme my\u00f6s isompia valmennuksia kauempaa tulevien valmentajien kanssa. Pyrimme j\u00e4rjest\u00e4m\u00e4\u00e4n kuukausittain sek\u00e4 koulu-, ett\u00e4 estekilpailuharjoituksia.<\/p>\n<p>Tallin pihasta p\u00e4\u00e4set rauhallisiin, autottomiin maastoihin Pukinj\u00e4rven ymp\u00e4rist\u00f6\u00f6n hienoihin maisemiin. Keskeisest\u00e4 sijainnistamme huolimatta hevoset tarhaavat reilun kokoisissa tarhoissa koko p\u00e4iv\u00e4n, omistajan toiveiden mukaan yksin tai kaverin kanssa.<\/p>\n<p>Meill\u00e4 hevoset ruokitaan nelj\u00e4sti p\u00e4iv\u00e4ss\u00e4. Tallissa on noin 20 karsinaa, pesu- ja hoitopaikat, l\u00e4mmin satulahuone ja kuivaushuone sek\u00e4 l\u00e4mpim\u00e4t sosiaalitilat.<\/p>\n<p>T\u00e4ysihoito 680\u20ac\/kk<br \/>Puolihoito 590\u20ac\/kk<br \/>Puoli\/itsehoito alk. 270\u20ac\/kk<\/p>\n<p><strong>Tallipaikkakyselyt:<\/strong><\/p>\n<p>Hanna Niemi-Korpi <a href=\"tel:+358505910959\">0505910959<\/a><\/p>\n<p>[\/et_pb_text][\/et_pb_column][\/et_pb_row][\/et_pb_section]<\/p>\n","protected":false},"excerpt":{"rendered":"<p>Tallipaikka Vaasan Hubertuksella&nbsp; Tallimme sijaitsee rauhallisella Pukinj\u00e4rven alueella, vain nelj\u00e4n kilometrin p\u00e4\u00e4ss\u00e4 keskustasta hyvien kulkuyhteyksien p\u00e4\u00e4ss\u00e4. Tarjoamme tallipaikkoja sek\u00e4 t\u00e4ysihoidolla ett\u00e4 puolihoidolla. Asiakkaidemme k\u00e4yt\u00f6ss\u00e4 on ymp\u00e4ri vuoden t\u00e4yspitk\u00e4, valoisa maneesi, jonka pohjaa huolletaan s\u00e4\u00e4nn\u00f6llisesti. Lis\u00e4ksi kaksi kentt\u00e4\u00e4, isompi hiekkapohjainen estekentt\u00e4, jolla estekalusto valmiina kes\u00e4kaudella, ja pienempi hiekka-kumirouhepohjainen kentt\u00e4. Molemmat kent\u00e4t ovat aidattuja ja valaistuja. Tallillamme k\u00e4y viikoittain useita paikallisia valmentajia, ja mahdollisuuksien mukaan j\u00e4rjest\u00e4mme my\u00f6s isompia valmennuksia kauempaa tulevien valmentajien kanssa. Pyrimme j\u00e4rjest\u00e4m\u00e4\u00e4n kuukausittain sek\u00e4 koulu-, ett\u00e4 estekilpailuharjoituksia. Tallin pihasta p\u00e4\u00e4set rauhallisiin, autottomiin maastoihin Pukinj\u00e4rven ymp\u00e4rist\u00f6\u00f6n hienoihin maisemiin. Keskeisest\u00e4 sijainnistamme huolimatta hevoset tarhaavat reilun kokoisissa tarhoissa koko p\u00e4iv\u00e4n, omistajan toiveiden mukaan yksin tai kaverin kanssa. Meill\u00e4 hevoset ruokitaan nelj\u00e4sti p\u00e4iv\u00e4ss\u00e4. Tallissa on noin 20 karsinaa, pesu- ja hoitopaikat, l\u00e4mmin satulahuone ja kuivaushuone sek\u00e4 l\u00e4mpim\u00e4t sosiaalitilat. T\u00e4ysihoito 680\u20ac\/kkPuolihoito 590\u20ac\/kkPuoli\/itsehoito alk. 270\u20ac\/kk Tallipaikkakyselyt: Hanna Niemi-Korpi 0505910959<\/p>","protected":false},"author":1,"featured_media":0,"parent":0,"menu_order":0,"comment_status":"closed","ping_status":"closed","template":"","meta":{"_et_pb_use_builder":"on","_et_pb_old_content":"","_et_gb_content_width":"","footnotes":""},"class_list":["post-548","page","type-page","status-publish","hentry"],"_links":{"self":[{"href":"https:\/\/hubertus.fi\/sv\/wp-json\/wp\/v2\/pages\/548","targetHints":{"allow":["GET"]}}],"collection":[{"href":"https:\/\/hubertus.fi\/sv\/wp-json\/wp\/v2\/pages"}],"about":[{"href":"https:\/\/hubertus.fi\/sv\/wp-json\/wp\/v2\/types\/page"}],"author":[{"embeddable":true,"href":"https:\/\/hubertus.fi\/sv\/wp-json\/wp\/v2\/users\/1"}],"replies":[{"embeddable":true,"href":"https:\/\/hubertus.fi\/sv\/wp-json\/wp\/v2\/comments?post=548"}],"version-history":[{"count":9,"href":"https:\/\/hubertus.fi\/sv\/wp-json\/wp\/v2\/pages\/548\/revisions"}],"predecessor-version":[{"id":800,"href":"https:\/\/hubertus.fi\/sv\/wp-json\/wp\/v2\/pages\/548\/revisions\/800"}],"wp:attachment":[{"href":"https:\/\/hubertus.fi\/sv\/wp-json\/wp\/v2\/media?parent=548"}],"curies":[{"name":"wp","href":"https:\/\/api.w.org\/{rel}","templated":true}]}}