{"id":357,"date":"2024-05-22T12:17:52","date_gmt":"2024-05-22T09:17:52","guid":{"rendered":"https:\/\/hubertus.fi\/?page_id=357"},"modified":"2026-01-13T12:20:03","modified_gmt":"2026-01-13T10:20:03","slug":"yhteystiedot","status":"publish","type":"page","link":"https:\/\/hubertus.fi\/sv\/yhteystiedot\/","title":{"rendered":"Kontaktuppgifter"},"content":{"rendered":"<p>[et_pb_section fb_built=&#8221;1&#8243; _builder_version=&#8221;4.25.1&#8243; _module_preset=&#8221;default&#8221; background_enable_color=&#8221;off&#8221; background_image=&#8221;https:\/\/hubertus.fi\/wp-content\/uploads\/2024\/05\/philippe-oursel-ykioooPo2qk-unsplash.jpg&#8221; bottom_divider_color=&#8221;#FFFFFF&#8221; global_colors_info=&#8221;{}&#8221;][et_pb_row _builder_version=&#8221;4.25.1&#8243; _module_preset=&#8221;default&#8221; custom_padding=&#8221;120px||80px||false|false&#8221; global_colors_info=&#8221;{}&#8221;][et_pb_column type=&#8221;4_4&#8243; _builder_version=&#8221;4.25.1&#8243; _module_preset=&#8221;default&#8221; global_colors_info=&#8221;{}&#8221;][et_pb_text _builder_version=&#8221;4.25.1&#8243; _module_preset=&#8221;default&#8221; header_text_align=&#8221;center&#8221; header_text_color=&#8221;#FFFFFF&#8221; header_font_size=&#8221;70px&#8221; header_font_size_tablet=&#8221;50px&#8221; header_font_size_phone=&#8221;40px&#8221; header_font_size_last_edited=&#8221;on|phone&#8221; global_colors_info=&#8221;{}&#8221;]<\/p>\n<h1>Yhteystiedot<\/h1>\n<p>[\/et_pb_text][\/et_pb_column][\/et_pb_row][\/et_pb_section][et_pb_section fb_built=&#8221;1&#8243; _builder_version=&#8221;4.25.1&#8243; _module_preset=&#8221;default&#8221; global_colors_info=&#8221;{}&#8221;][et_pb_row column_structure=&#8221;1_3,2_3&#8243; use_custom_gutter=&#8221;on&#8221; gutter_width=&#8221;2&#8243; make_equal=&#8221;on&#8221; disabled_on=&#8221;off|off|off&#8221; _builder_version=&#8221;4.27.4&#8243; _module_preset=&#8221;default&#8221; position_origin_a=&#8221;bottom_center&#8221; width=&#8221;90%&#8221; width_tablet=&#8221;90%&#8221; width_phone=&#8221;90%&#8221; width_last_edited=&#8221;on|tablet&#8221; max_width_tablet=&#8221;90%&#8221; max_width_phone=&#8221;90%&#8221; max_width_last_edited=&#8221;on|desktop&#8221; custom_margin=&#8221;30px||||false|false&#8221; custom_padding=&#8221;0px||0px||true|false&#8221; animation_direction=&#8221;bottom&#8221; global_colors_info=&#8221;{}&#8221;][et_pb_column type=&#8221;1_3&#8243; _builder_version=&#8221;4.27.4&#8243; _module_preset=&#8221;default&#8221; background_color=&#8221;#ECE6E0&#8243; custom_padding=&#8221;30px|20px|20px|20px|false|true&#8221; global_colors_info=&#8221;{}&#8221;][et_pb_blurb content_max_width=&#8221;100%&#8221; _builder_version=&#8221;4.27.5&#8243; _module_preset=&#8221;default&#8221; header_level=&#8221;h2&#8243; header_text_align=&#8221;center&#8221; header_text_color=&#8221;#ffffff&#8221; header_font_size=&#8221;14px&#8221; header_letter_spacing=&#8221;2px&#8221; header_line_height=&#8221;1.4em&#8221; body_text_align=&#8221;center&#8221; body_font_size=&#8221;15px&#8221; body_line_height=&#8221;1.8em&#8221; animation=&#8221;off&#8221; hover_enabled=&#8221;0&#8243; global_colors_info=&#8221;{}&#8221; sticky_enabled=&#8221;0&#8243;]<\/p>\n<h2 style=\"text-align: left;\">Puhelin<\/h2>\n<p style=\"text-align: left;\"><strong>Hanna Niemi-Korpi, puheenjohtaja, tallipaikkakyselyt<\/strong><br \/>050 591 0959<\/p>\n<p style=\"text-align: left;\"><strong>Katri Vieri, j\u00e4senasiat<\/strong><br \/>044 259 2934<\/p>\n<p>[\/et_pb_blurb][et_pb_blurb content_max_width=&#8221;100%&#8221; _builder_version=&#8221;4.27.4&#8243; _module_preset=&#8221;default&#8221; header_level=&#8221;h2&#8243; header_text_align=&#8221;center&#8221; header_text_color=&#8221;#000000&#8243; header_font_size=&#8221;14px&#8221; header_letter_spacing=&#8221;2px&#8221; header_line_height=&#8221;1.4em&#8221; body_text_align=&#8221;center&#8221; body_font_size=&#8221;15px&#8221; body_line_height=&#8221;1.8em&#8221; custom_padding=&#8221;20px||||false|false&#8221; animation=&#8221;off&#8221; global_colors_info=&#8221;{}&#8221;]<\/p>\n<h2 style=\"text-align: left;\">S\u00e4hk\u00f6posti<\/h2>\n<p style=\"text-align: left;\">johtokuntavh@gmail.com<\/p>\n<p>[\/et_pb_blurb][et_pb_blurb content_max_width=&#8221;100%&#8221; _builder_version=&#8221;4.27.4&#8243; _module_preset=&#8221;default&#8221; header_level=&#8221;h2&#8243; header_text_align=&#8221;center&#8221; header_text_color=&#8221;#ffffff&#8221; header_font_size=&#8221;14px&#8221; header_letter_spacing=&#8221;2px&#8221; header_line_height=&#8221;1.4em&#8221; body_text_align=&#8221;center&#8221; body_font_size=&#8221;15px&#8221; body_line_height=&#8221;1.8em&#8221; text_orientation=&#8221;center&#8221; custom_padding=&#8221;20px||||false|false&#8221; animation=&#8221;off&#8221; global_colors_info=&#8221;{}&#8221;]<\/p>\n<h2 style=\"text-align: left;\">Osoite<\/h2>\n<p style=\"text-align: left;\">Kuulankatu 15<br \/>65230 Vaasa<\/p>\n<p>[\/et_pb_blurb][\/et_pb_column][et_pb_column type=&#8221;2_3&#8243; _builder_version=&#8221;4.27.4&#8243; _module_preset=&#8221;default&#8221; custom_padding=&#8221;||||false|false&#8221; global_colors_info=&#8221;{}&#8221;][et_pb_code _builder_version=&#8221;4.27.4&#8243; _module_preset=&#8221;default&#8221; custom_margin=&#8221;||||false|false&#8221; custom_padding=&#8221;||||false|false&#8221; filter_saturate=&#8221;0%&#8221; global_colors_info=&#8221;{}&#8221;]<iframe src=\"https:\/\/www.google.com\/maps\/embed?pb=!1m18!1m12!1m3!1d1803.6213362541087!2d21.614430377728187!3d63.12432810168824!2m3!1f0!2f0!3f0!3m2!1i1024!2i768!4f13.1!3m3!1m2!1s0x467d61a84582bba7%3A0x1e241992207cf147!2sVaasan%20Hubertus%20yhdistys%20-%20Vasa%20Hubertus%20f%C3%B6rening%20ry!5e0!3m2!1sfi!2sfi!4v1716360321801!5m2!1sfi!2sfi\" width=\"100%\" height=\"490\" style=\"border:0;\" allowfullscreen=\"\" loading=\"lazy\" referrerpolicy=\"no-referrer-when-downgrade\"><\/iframe>[\/et_pb_code][\/et_pb_column][\/et_pb_row][et_pb_row _builder_version=&#8221;4.27.4&#8243; _module_preset=&#8221;default&#8221; global_colors_info=&#8221;{}&#8221;][et_pb_column type=&#8221;4_4&#8243; _builder_version=&#8221;4.27.4&#8243; _module_preset=&#8221;default&#8221; global_colors_info=&#8221;{}&#8221;][et_pb_text _builder_version=&#8221;4.27.4&#8243; _module_preset=&#8221;default&#8221; text_font_size=&#8221;18px&#8221; background_color=&#8221;#ECE6E0&#8243; custom_padding=&#8221;30px|20px|20px|20px|false|true&#8221; text_font_size_tablet=&#8221;16px&#8221; text_font_size_phone=&#8221;14px&#8221; text_font_size_last_edited=&#8221;on|phone&#8221; global_colors_info=&#8221;{}&#8221;]<\/p>\n<h2>Vaasan Hubertus ry laskutusosoite<\/h2>\n<p>Nimi: Vaasan Hubertus ry.<br \/>Y-tunnus: 0183698-5<br \/>Verkkolaskuosoite: 003701836985<br \/>Va\u0308litta\u0308ja\u0308n tunnus: 003723327487<br \/>Va\u0308litta\u0308ja\u0308: Apix Messaging Oy<\/p>\n<p>Ka\u0308ytta\u0308ka\u0308a\u0308 laskujen reititykseen ylla\u0308 mainittua verkkolaskuosoitetta ja va\u0308litta\u0308ja\u0308n tunnusta.<\/p>\n<p>Mika\u0308li sa\u0308hko\u0308isten laskujen la\u0308hetta\u0308minen ei viela\u0308 onnistu, voitte la\u0308hetta\u0308a\u0308 paperilaskut seuraavaan osoitteeseen. Huomioikaa ysta\u0308va\u0308llisesti, etta\u0308 kyseinen osoite on tarkoitettu vain laskuille.<\/p>\n<p>Paperiset ostolaskut osoitteeseen:<br \/>Vaasan Hubertus ry.<br \/>PL 16112<br \/>00021 LASKUTUS<\/p>\n<p>Yhtio\u0308n osoite muulle postille:<br \/>Kuulankatu 15<br \/>65320 Vaasa<\/p>\n<p>PDF-muotoisten laskujen la\u0308hetys on myo\u0308s mahdollista sa\u0308hko\u0308postitse osoitteeseen<br \/>003701836985@procountor.apix.fi<\/p>\n<p>[\/et_pb_text][\/et_pb_column][\/et_pb_row][\/et_pb_section]<\/p>\n","protected":false},"excerpt":{"rendered":"<p>YhteystiedotPuhelin Hanna Niemi-Korpi, puheenjohtaja, tallipaikkakyselyt050 591 0959 Katri Vieri, j\u00e4senasiat044 259 2934S\u00e4hk\u00f6posti johtokuntavh@gmail.comOsoite Kuulankatu 1565230 VaasaVaasan Hubertus ry laskutusosoite Nimi: Vaasan Hubertus ry.Y-tunnus: 0183698-5Verkkolaskuosoite: 003701836985Va\u0308litta\u0308ja\u0308n tunnus: 003723327487Va\u0308litta\u0308ja\u0308: Apix Messaging Oy Ka\u0308ytta\u0308ka\u0308a\u0308 laskujen reititykseen ylla\u0308 mainittua verkkolaskuosoitetta ja va\u0308litta\u0308ja\u0308n tunnusta. Mika\u0308li sa\u0308hko\u0308isten laskujen la\u0308hetta\u0308minen ei viela\u0308 onnistu, voitte la\u0308hetta\u0308a\u0308 paperilaskut seuraavaan osoitteeseen. Huomioikaa ysta\u0308va\u0308llisesti, etta\u0308 kyseinen osoite on tarkoitettu vain laskuille. Paperiset ostolaskut osoitteeseen:Vaasan Hubertus ry.PL 1611200021 LASKUTUS Yhtio\u0308n osoite muulle postille:Kuulankatu 1565320 Vaasa PDF-muotoisten laskujen la\u0308hetys on myo\u0308s mahdollista sa\u0308hko\u0308postitse osoitteeseen003701836985@procountor.apix.fi<\/p>","protected":false},"author":1,"featured_media":0,"parent":0,"menu_order":0,"comment_status":"closed","ping_status":"closed","template":"","meta":{"_et_pb_use_builder":"on","_et_pb_old_content":"","_et_gb_content_width":"","footnotes":""},"class_list":["post-357","page","type-page","status-publish","hentry"],"_links":{"self":[{"href":"https:\/\/hubertus.fi\/sv\/wp-json\/wp\/v2\/pages\/357","targetHints":{"allow":["GET"]}}],"collection":[{"href":"https:\/\/hubertus.fi\/sv\/wp-json\/wp\/v2\/pages"}],"about":[{"href":"https:\/\/hubertus.fi\/sv\/wp-json\/wp\/v2\/types\/page"}],"author":[{"embeddable":true,"href":"https:\/\/hubertus.fi\/sv\/wp-json\/wp\/v2\/users\/1"}],"replies":[{"embeddable":true,"href":"https:\/\/hubertus.fi\/sv\/wp-json\/wp\/v2\/comments?post=357"}],"version-history":[{"count":19,"href":"https:\/\/hubertus.fi\/sv\/wp-json\/wp\/v2\/pages\/357\/revisions"}],"predecessor-version":[{"id":874,"href":"https:\/\/hubertus.fi\/sv\/wp-json\/wp\/v2\/pages\/357\/revisions\/874"}],"wp:attachment":[{"href":"https:\/\/hubertus.fi\/sv\/wp-json\/wp\/v2\/media?parent=357"}],"curies":[{"name":"wp","href":"https:\/\/api.w.org\/{rel}","templated":true}]}}