{"id":340,"date":"2024-05-22T12:14:40","date_gmt":"2024-05-22T09:14:40","guid":{"rendered":"https:\/\/hubertus.fi\/?page_id=340"},"modified":"2026-03-16T08:44:45","modified_gmt":"2026-03-16T06:44:45","slug":"vaasan-hubertuksen-jaseneksi-liittyminen","status":"publish","type":"page","link":"https:\/\/hubertus.fi\/sv\/vaasan-hubertuksen-jaseneksi-liittyminen\/","title":{"rendered":"Bli medlem i Vasa Hubertus"},"content":{"rendered":"<p>[et_pb_section fb_built=&#8221;1&#8243; _builder_version=&#8221;4.25.1&#8243; _module_preset=&#8221;default&#8221; background_color=&#8221;#1F4C56&#8243; global_colors_info=&#8221;{}&#8221;][et_pb_row _builder_version=&#8221;4.25.1&#8243; _module_preset=&#8221;default&#8221; custom_padding=&#8221;120px||80px||false|false&#8221; global_colors_info=&#8221;{}&#8221;][et_pb_column type=&#8221;4_4&#8243; _builder_version=&#8221;4.25.1&#8243; _module_preset=&#8221;default&#8221; global_colors_info=&#8221;{}&#8221;][et_pb_text _builder_version=&#8221;4.25.1&#8243; _module_preset=&#8221;default&#8221; header_text_align=&#8221;left&#8221; header_text_color=&#8221;#FFFFFF&#8221; header_font_size=&#8221;70px&#8221; header_line_height=&#8221;1.1em&#8221; header_font_size_tablet=&#8221;40px&#8221; header_font_size_phone=&#8221;30px&#8221; header_font_size_last_edited=&#8221;on|phone&#8221; global_colors_info=&#8221;{}&#8221;]<\/p>\n<h1>Vaasan Hubertuksen j\u00e4seneksi liittyminen<\/h1>\n<p>[\/et_pb_text][\/et_pb_column][\/et_pb_row][\/et_pb_section][et_pb_section fb_built=&#8221;1&#8243; _builder_version=&#8221;4.25.1&#8243; _module_preset=&#8221;default&#8221; global_colors_info=&#8221;{}&#8221;][et_pb_row _builder_version=&#8221;4.25.1&#8243; _module_preset=&#8221;default&#8221; global_colors_info=&#8221;{}&#8221;][et_pb_column type=&#8221;4_4&#8243; _builder_version=&#8221;4.25.1&#8243; _module_preset=&#8221;default&#8221; global_colors_info=&#8221;{}&#8221;][et_pb_text _builder_version=&#8221;4.27.5&#8243; _module_preset=&#8221;default&#8221; text_font_size=&#8221;18px&#8221; text_line_height=&#8221;1.8em&#8221; link_font=&#8221;||||on||||&#8221; ul_line_height=&#8221;1.8em&#8221; hover_enabled=&#8221;0&#8243; text_font_size_tablet=&#8221;16px&#8221; text_font_size_phone=&#8221;15px&#8221; text_font_size_last_edited=&#8221;on|phone&#8221; global_colors_info=&#8221;{}&#8221; sticky_enabled=&#8221;0&#8243;]<\/p>\n<p>J\u00e4seneksi on helppo liitty\u00e4 Suomen ratsastajain liiton sivuilla osoitteessa: <a href=\"https:\/\/liity.ratsastus.fi\/\" target=\"_blank\" rel=\"noopener\">https:\/\/liity.ratsastus.fi\/<\/a><\/p>\n<p><strong>HUOM! Hae SRL:n sivuilla seuraa tarkalla seuran nimell\u00e4 <span style=\"text-decoration: underline;\">Vaasan<\/span> Hubertus, ett\u00e4 tuo oikean seuran hakuun.<\/strong><\/p>\n<p>Jos sinulla on j\u00e4senyyteen liittyv\u00e4\u00e4 kysytt\u00e4v\u00e4\u00e4 ole yhteydess\u00e4 j\u00e4sensihteeriimme:<\/p>\n<p>katri.vieri@gmail.com<br \/>puh: 0442592934<\/p>\n<p><strong><span style=\"color: #856a3d;\">J\u00c4SENMAKSUT VUODELLE 2026<\/span><\/strong><\/p>\n<p>SRL Seniori 67 e<br \/>SRL Juniori 60e<br \/>SRL Perhej\u00e4sen seniori 38e<br \/>SRL Perhej\u00e4sen juniori 34,50e<br \/>Kannatusj\u00e4sen 25e<\/p>\n<p>Seniori = 18 vuotta t\u00e4ytt\u00e4nyt.<br \/>Juniori = alle 18-vuotias.<\/p>\n<p>Perhej\u00e4sen = voi olla mink\u00e4 ik\u00e4inen tahansa, kun perheess\u00e4 on jo yksi t\u00e4yden j\u00e4senmaksun maksanut juniori tai seniori.<\/p>\n<p><strong><span style=\"color: #856a3d;\">J\u00e4senedut:<\/span><\/strong><\/p>\n<ul>\n<li>Pohjolan tapaturmavakuutus, kattaa hevosta hoidettaessa, ratsastaessa sek\u00e4 matkoilla tallille.<\/li>\n<li>Saat Hippos-lehden (8 x vuodessa)<\/li>\n<li>Voit osallistua ratsastuskilpailuihin (seura-, alue-, kansalliset- ja kansainv\u00e4liset)<\/li>\n<li>Voit osallistua toimihenkil\u00f6koulutuksiin ja toimia koulutuksen j\u00e4lkeen tuomarina, ratamestarina, stewardina jne.<\/li>\n<li>Lis\u00e4ksi saat muita etuja SRL:n yhteisty\u00f6kumppaneilta.<\/li>\n<li>Lis\u00e4\u00e4 tietoa SRL:n tarjoamista eduista l\u00f6yd\u00e4t osoitteesta: <a href=\"https:\/\/www.ratsastus.fi\/jasenelle\/jasenedut\/\" target=\"_blank\" rel=\"noopener\">https:\/\/www.ratsastus.fi\/jasenelle\/jasenedut\/<\/a><\/li>\n<\/ul>\n<p><span style=\"color: #856a3d;\"><strong>KANNATUSJ\u00c4SENYYS<\/strong><\/span><\/p>\n<p>Kannatusj\u00e4senyys sopii muuta ratsastusseuraa edustaville ratsastajille sek\u00e4 niille, jotka esimerkiksi eiv\u00e4t itse harrasta ratsastusta eiv\u00e4tk\u00e4 siten tarvitse liiton j\u00e4senyytt\u00e4.<\/p>\n<p><strong><span style=\"color: #856a3d;\">Kannattajaj\u00e4sen edut:<\/span><\/strong><\/p>\n<ul>\n<li>Maneesin ja kenttien k\u00e4ytt\u00f6oikeus<\/li>\n<li>Edullisempi hinta maneesimaksuista isompien valmennusten yhteydess\u00e4<\/li>\n<li>Edullisempi hinta l\u00e4ht\u00f6maksuista seuramme j\u00e4rjest\u00e4miss\u00e4 kilpailuharjoituksissa ja muissa j\u00e4rjest\u00e4miss\u00e4mme tapahtumissamme<\/li>\n<\/ul>\n<p>Kannatusj\u00e4senyys on my\u00f6s helppo tapa tukea vapaaehtoisvoimin py\u00f6riv\u00e4\u00e4 seuraamme.<\/p>\n<p><span style=\"color: #856a3d;\"><strong>Liittyminen:<\/strong><\/span><\/p>\n<p>Kannatusj\u00e4seneksi liityt\u00e4\u00e4n osoitteessa <a href=\"https:\/\/liity.ratsastus.fi\" target=\"_blank\" rel=\"noopener\">https:\/\/liity.ratsastus.fi<\/a> ja maksu maksetaan kalenterivuodeksi kerrallaan.<\/p>\n<p><strong>HUOM! Hae SRL:n sivuilla seuraa tarkalla seuran nimell\u00e4 <span style=\"text-decoration: underline;\">Vaasan<\/span> Hubertus, ett\u00e4 tuo oikean seuran hakuun.<\/strong><\/p>\n<p>[\/et_pb_text][et_pb_text _builder_version=&#8221;4.25.1&#8243; _module_preset=&#8221;default&#8221; text_font=&#8221;|600|||||||&#8221; text_text_color=&#8221;#856A3D&#8221; text_font_size=&#8221;16px&#8221; text_letter_spacing=&#8221;1px&#8221; text_line_height=&#8221;1.8em&#8221; ul_line_height=&#8221;1.8em&#8221; custom_margin=&#8221;||2px||false|false&#8221; custom_padding=&#8221;||0px||false|false&#8221; text_font_size_tablet=&#8221;16px&#8221; text_font_size_phone=&#8221;15px&#8221; text_font_size_last_edited=&#8221;off|desktop&#8221; global_colors_info=&#8221;{}&#8221;]<\/p>\n<p><strong>EI J\u00c4SENET:<\/strong><\/p>\n<ul><\/ul>\n<p>[\/et_pb_text][et_pb_text _builder_version=&#8221;4.27.4&#8243; _module_preset=&#8221;default&#8221; text_font_size=&#8221;18px&#8221; text_line_height=&#8221;1.8em&#8221; ul_line_height=&#8221;1.8em&#8221; text_font_size_tablet=&#8221;16px&#8221; text_font_size_phone=&#8221;15px&#8221; text_font_size_last_edited=&#8221;on|phone&#8221; global_colors_info=&#8221;{}&#8221;]<\/p>\n<ul>\n<li>Maneesi avoinna normaalisti vain seuran j\u00e4senille tai kannatusj\u00e4senille. <\/li>\n<li>Tietyiss\u00e4 VH:n kanssa sovituissa valmennuksissa (Marko Bj\u00f6rs, Axel Lindberg, Jari Sneck) my\u00f6s ei j\u00e4senten on mahdollista osallistua, t\u00e4ll\u00f6in hinta on 15\u20ac\/krt (J\u00e4senille\/kannatusj\u00e4senille 10\u20ac\/krt).<\/li>\n<\/ul>\n<p>Maksu maksetaan etuk\u00e4teen seuran tilille: FI91 8309 3710 0042 89<\/p>\n<p>tai MobilePay, koodi 13970 (hae vastaanottajaa t\u00e4ll\u00e4 nrolla).<\/p>\n<p>[\/et_pb_text][et_pb_image src=&#8221;https:\/\/hubertus.fi\/wp-content\/uploads\/2024\/07\/WhatsApp-Image-2024-06-06-at-10.25.51.jpeg&#8221; title_text=&#8221;WhatsApp Image 2024-06-06 at 10.25.51&#8243; _builder_version=&#8221;4.25.1&#8243; _module_preset=&#8221;default&#8221; max_width=&#8221;400px&#8221; global_colors_info=&#8221;{}&#8221;][\/et_pb_image][\/et_pb_column][\/et_pb_row][\/et_pb_section]<\/p>\n","protected":false},"excerpt":{"rendered":"<p>Vaasan Hubertuksen j\u00e4seneksi liittyminenJ\u00e4seneksi on helppo liitty\u00e4 Suomen ratsastajain liiton sivuilla osoitteessa: https:\/\/liity.ratsastus.fi\/ HUOM! Hae SRL:n sivuilla seuraa tarkalla seuran nimell\u00e4 Vaasan Hubertus, ett\u00e4 tuo oikean seuran hakuun. Jos sinulla on j\u00e4senyyteen liittyv\u00e4\u00e4 kysytt\u00e4v\u00e4\u00e4 ole yhteydess\u00e4 j\u00e4sensihteeriimme: katri.vieri@gmail.compuh: 0442592934 J\u00c4SENMAKSUT VUODELLE 2026 SRL Seniori 67 eSRL Juniori 60eSRL Perhej\u00e4sen seniori 38eSRL Perhej\u00e4sen juniori 34,50eKannatusj\u00e4sen 25e Seniori = 18 vuotta t\u00e4ytt\u00e4nyt.Juniori = alle 18-vuotias. Perhej\u00e4sen = voi olla mink\u00e4 ik\u00e4inen tahansa, kun perheess\u00e4 on jo yksi t\u00e4yden j\u00e4senmaksun maksanut juniori tai seniori. J\u00e4senedut: Pohjolan tapaturmavakuutus, kattaa hevosta hoidettaessa, ratsastaessa sek\u00e4 matkoilla tallille. Saat Hippos-lehden (8 x vuodessa) Voit osallistua ratsastuskilpailuihin (seura-, alue-, kansalliset- ja kansainv\u00e4liset) Voit osallistua toimihenkil\u00f6koulutuksiin ja toimia koulutuksen j\u00e4lkeen tuomarina, ratamestarina, stewardina jne. Lis\u00e4ksi saat muita etuja SRL:n yhteisty\u00f6kumppaneilta. Lis\u00e4\u00e4 tietoa SRL:n tarjoamista eduista l\u00f6yd\u00e4t osoitteesta: https:\/\/www.ratsastus.fi\/jasenelle\/jasenedut\/ KANNATUSJ\u00c4SENYYS Kannatusj\u00e4senyys sopii muuta ratsastusseuraa edustaville ratsastajille sek\u00e4 niille, jotka esimerkiksi eiv\u00e4t itse harrasta ratsastusta eiv\u00e4tk\u00e4 siten tarvitse liiton j\u00e4senyytt\u00e4. Kannattajaj\u00e4sen edut: Maneesin ja kenttien k\u00e4ytt\u00f6oikeus Edullisempi hinta maneesimaksuista isompien valmennusten yhteydess\u00e4 Edullisempi hinta l\u00e4ht\u00f6maksuista seuramme j\u00e4rjest\u00e4miss\u00e4 kilpailuharjoituksissa ja muissa j\u00e4rjest\u00e4miss\u00e4mme tapahtumissamme Kannatusj\u00e4senyys on my\u00f6s helppo tapa tukea vapaaehtoisvoimin py\u00f6riv\u00e4\u00e4 seuraamme. Liittyminen: Kannatusj\u00e4seneksi liityt\u00e4\u00e4n osoitteessa https:\/\/liity.ratsastus.fi ja maksu maksetaan kalenterivuodeksi kerrallaan. HUOM! Hae SRL:n sivuilla seuraa tarkalla seuran nimell\u00e4 Vaasan Hubertus, [&hellip;]<\/p>\n","protected":false},"author":1,"featured_media":0,"parent":0,"menu_order":0,"comment_status":"closed","ping_status":"closed","template":"","meta":{"_et_pb_use_builder":"on","_et_pb_old_content":"","_et_gb_content_width":"","footnotes":""},"class_list":["post-340","page","type-page","status-publish","hentry"],"_links":{"self":[{"href":"https:\/\/hubertus.fi\/sv\/wp-json\/wp\/v2\/pages\/340","targetHints":{"allow":["GET"]}}],"collection":[{"href":"https:\/\/hubertus.fi\/sv\/wp-json\/wp\/v2\/pages"}],"about":[{"href":"https:\/\/hubertus.fi\/sv\/wp-json\/wp\/v2\/types\/page"}],"author":[{"embeddable":true,"href":"https:\/\/hubertus.fi\/sv\/wp-json\/wp\/v2\/users\/1"}],"replies":[{"embeddable":true,"href":"https:\/\/hubertus.fi\/sv\/wp-json\/wp\/v2\/comments?post=340"}],"version-history":[{"count":17,"href":"https:\/\/hubertus.fi\/sv\/wp-json\/wp\/v2\/pages\/340\/revisions"}],"predecessor-version":[{"id":881,"href":"https:\/\/hubertus.fi\/sv\/wp-json\/wp\/v2\/pages\/340\/revisions\/881"}],"wp:attachment":[{"href":"https:\/\/hubertus.fi\/sv\/wp-json\/wp\/v2\/media?parent=340"}],"curies":[{"name":"wp","href":"https:\/\/api.w.org\/{rel}","templated":true}]}}