{"id":330,"date":"2024-05-22T10:54:04","date_gmt":"2024-05-22T07:54:04","guid":{"rendered":"https:\/\/hubertus.fi\/?page_id=330"},"modified":"2025-01-11T12:50:05","modified_gmt":"2025-01-11T10:50:05","slug":"maneesi-ja-kenttamaksut","status":"publish","type":"page","link":"https:\/\/hubertus.fi\/sv\/maneesi-ja-kenttamaksut\/","title":{"rendered":"Avgifter f\u00f6r manege och ridplaner"},"content":{"rendered":"<p>[et_pb_section fb_built=&#8221;1&#8243; _builder_version=&#8221;4.25.1&#8243; _module_preset=&#8221;default&#8221; background_color=&#8221;#1F4C56&#8243; global_colors_info=&#8221;{}&#8221;][et_pb_row _builder_version=&#8221;4.25.1&#8243; _module_preset=&#8221;default&#8221; custom_padding=&#8221;120px||80px||false|false&#8221; global_colors_info=&#8221;{}&#8221;][et_pb_column type=&#8221;4_4&#8243; _builder_version=&#8221;4.25.1&#8243; _module_preset=&#8221;default&#8221; global_colors_info=&#8221;{}&#8221;][et_pb_text _builder_version=&#8221;4.25.1&#8243; _module_preset=&#8221;default&#8221; header_text_align=&#8221;left&#8221; header_text_color=&#8221;#FFFFFF&#8221; header_font_size=&#8221;70px&#8221; header_font_size_tablet=&#8221;40px&#8221; header_font_size_phone=&#8221;30px&#8221; header_font_size_last_edited=&#8221;on|phone&#8221; global_colors_info=&#8221;{}&#8221;]<\/p>\n<h1>Maneesi- ja kentt\u00e4maksut<\/h1>\n<p>[\/et_pb_text][\/et_pb_column][\/et_pb_row][\/et_pb_section][et_pb_section fb_built=&#8221;1&#8243; _builder_version=&#8221;4.25.1&#8243; _module_preset=&#8221;default&#8221; global_colors_info=&#8221;{}&#8221;][et_pb_row _builder_version=&#8221;4.25.1&#8243; _module_preset=&#8221;default&#8221; global_colors_info=&#8221;{}&#8221;][et_pb_column type=&#8221;4_4&#8243; _builder_version=&#8221;4.25.1&#8243; _module_preset=&#8221;default&#8221; global_colors_info=&#8221;{}&#8221;][et_pb_text _builder_version=&#8221;4.25.1&#8243; _module_preset=&#8221;default&#8221; text_font=&#8221;|600|||||||&#8221; text_text_color=&#8221;#856A3D&#8221; text_font_size=&#8221;16px&#8221; text_letter_spacing=&#8221;1px&#8221; text_line_height=&#8221;1.8em&#8221; ul_line_height=&#8221;1.8em&#8221; custom_margin=&#8221;||2px||false|false&#8221; custom_padding=&#8221;||0px||false|false&#8221; text_font_size_tablet=&#8221;16px&#8221; text_font_size_phone=&#8221;15px&#8221; text_font_size_last_edited=&#8221;off|desktop&#8221; global_colors_info=&#8221;{}&#8221;]<\/p>\n<h2>Maneesi- ja kentt\u00e4maksut 1.3.2024 alkaen:<strong><\/strong><\/h2>\n<p>VAASAN HUBERTUKSEN J\u00c4SENET JA KANNATUSJ\u00c4SENET:<\/p>\n<ul><\/ul>\n<p>[\/et_pb_text][et_pb_text _builder_version=&#8221;4.27.4&#8243; _module_preset=&#8221;default&#8221; text_font_size=&#8221;18px&#8221; text_line_height=&#8221;1.8em&#8221; ul_line_height=&#8221;1.8em&#8221; hover_enabled=&#8221;0&#8243; text_font_size_tablet=&#8221;16px&#8221; text_font_size_phone=&#8221;15px&#8221; text_font_size_last_edited=&#8221;on|phone&#8221; global_colors_info=&#8221;{}&#8221; sticky_enabled=&#8221;0&#8243;]<\/p>\n<ul>\n<li>10\u20ac\/kerta\/ratsukko<\/li>\n<li>80\u20ac\/kk\/ratsukko<\/li>\n<\/ul>\n<p>Tallilla asuvien primetime arkisin klo 16-20.<\/p>\n<p>[\/et_pb_text][et_pb_text _builder_version=&#8221;4.25.1&#8243; _module_preset=&#8221;default&#8221; text_font=&#8221;|600|||||||&#8221; text_text_color=&#8221;#856A3D&#8221; text_font_size=&#8221;16px&#8221; text_letter_spacing=&#8221;1px&#8221; text_line_height=&#8221;1.8em&#8221; ul_line_height=&#8221;1.8em&#8221; custom_margin=&#8221;||2px||false|false&#8221; custom_padding=&#8221;||0px||false|false&#8221; text_font_size_tablet=&#8221;16px&#8221; text_font_size_phone=&#8221;15px&#8221; text_font_size_last_edited=&#8221;off|desktop&#8221; global_colors_info=&#8221;{}&#8221;]<\/p>\n<p>EI J\u00c4SENET:<\/p>\n<ul><\/ul>\n<p>[\/et_pb_text][et_pb_text _builder_version=&#8221;4.27.4&#8243; _module_preset=&#8221;default&#8221; text_font_size=&#8221;18px&#8221; text_line_height=&#8221;1.8em&#8221; link_font=&#8221;||||on||||&#8221; ul_line_height=&#8221;1.8em&#8221; hover_enabled=&#8221;0&#8243; text_font_size_tablet=&#8221;16px&#8221; text_font_size_phone=&#8221;15px&#8221; text_font_size_last_edited=&#8221;on|phone&#8221; global_colors_info=&#8221;{}&#8221; sticky_enabled=&#8221;0&#8243;]<\/p>\n<ul>\n<li>Maneesi avoinna normaalisti vain seuran j\u00e4senille tai kannatusj\u00e4senille. Ohjeet j\u00e4seneksi tai kannatusj\u00e4seneksi liittymiseen l\u00f6yd\u00e4t sivulta &#8221;<a href=\"https:\/\/hubertus.fi\/vaasan-hubertuksen-jaseneksi-liittyminen\/\">j\u00e4seneksi liittyminen<\/a>&#8221;.<\/li>\n<li>Tietyiss\u00e4 VH:n kanssa sovituissa valmennuksissa (Marko Bj\u00f6rs, Axel Lindberg, Jari Sneck) my\u00f6s ei j\u00e4senten on mahdollista osallistua, t\u00e4ll\u00f6in hinta on 15\u20ac\/krt (J\u00e4senille\/kannatusj\u00e4senille 10\u20ac\/krt).<\/li>\n<\/ul>\n<p><strong>Maksutavat:<\/strong><\/p>\n<p>Maksu maksetaan etuk\u00e4teen seuran tilille: FI91 8309 3710 0042 89 tai<\/p>\n<p>verkkokaupassa osoitteessa <a href=\"https:\/\/shop.hubertus.fi\/tuote\/maneesin-ja-kenttien-kayttomaksut\/\">https:\/\/shop.hubertus.fi\/tuote\/maneesin-ja-kenttien-kayttomaksut\/<\/a>\u00a0 tai<\/p>\n<p>MobilePay, koodi 13970 (hae vastaanottajaa t\u00e4ll\u00e4 nrolla).<\/p>\n<p>[\/et_pb_text][et_pb_image src=&#8221;https:\/\/hubertus.fi\/wp-content\/uploads\/2024\/07\/WhatsApp-Image-2024-06-06-at-10.25.51.jpeg&#8221; title_text=&#8221;WhatsApp Image 2024-06-06 at 10.25.51&#8243; _builder_version=&#8221;4.25.1&#8243; _module_preset=&#8221;default&#8221; max_width=&#8221;400px&#8221; global_colors_info=&#8221;{}&#8221;][\/et_pb_image][\/et_pb_column][\/et_pb_row][\/et_pb_section]<\/p>\n","protected":false},"excerpt":{"rendered":"<p>Maneesi- ja kentt\u00e4maksutManeesi- ja kentt\u00e4maksut 1.3.2024 alkaen: VAASAN HUBERTUKSEN J\u00c4SENET JA KANNATUSJ\u00c4SENET: 10\u20ac\/kerta\/ratsukko 80\u20ac\/kk\/ratsukko Tallilla asuvien primetime arkisin klo 16-20.EI J\u00c4SENET: Maneesi avoinna normaalisti vain seuran j\u00e4senille tai kannatusj\u00e4senille. Ohjeet j\u00e4seneksi tai kannatusj\u00e4seneksi liittymiseen l\u00f6yd\u00e4t sivulta &#8221;j\u00e4seneksi liittyminen&#8221;. Tietyiss\u00e4 VH:n kanssa sovituissa valmennuksissa (Marko Bj\u00f6rs, Axel Lindberg, Jari Sneck) my\u00f6s ei j\u00e4senten on mahdollista osallistua, t\u00e4ll\u00f6in hinta on 15\u20ac\/krt (J\u00e4senille\/kannatusj\u00e4senille 10\u20ac\/krt). Maksutavat: Maksu maksetaan etuk\u00e4teen seuran tilille: FI91 8309 3710 0042 89 tai verkkokaupassa osoitteessa https:\/\/shop.hubertus.fi\/tuote\/maneesin-ja-kenttien-kayttomaksut\/\u00a0 tai MobilePay, koodi 13970 (hae vastaanottajaa t\u00e4ll\u00e4 nrolla).<\/p>","protected":false},"author":1,"featured_media":0,"parent":0,"menu_order":0,"comment_status":"closed","ping_status":"closed","template":"","meta":{"_et_pb_use_builder":"on","_et_pb_old_content":"","_et_gb_content_width":"","footnotes":""},"class_list":["post-330","page","type-page","status-publish","hentry"],"_links":{"self":[{"href":"https:\/\/hubertus.fi\/sv\/wp-json\/wp\/v2\/pages\/330","targetHints":{"allow":["GET"]}}],"collection":[{"href":"https:\/\/hubertus.fi\/sv\/wp-json\/wp\/v2\/pages"}],"about":[{"href":"https:\/\/hubertus.fi\/sv\/wp-json\/wp\/v2\/types\/page"}],"author":[{"embeddable":true,"href":"https:\/\/hubertus.fi\/sv\/wp-json\/wp\/v2\/users\/1"}],"replies":[{"embeddable":true,"href":"https:\/\/hubertus.fi\/sv\/wp-json\/wp\/v2\/comments?post=330"}],"version-history":[{"count":17,"href":"https:\/\/hubertus.fi\/sv\/wp-json\/wp\/v2\/pages\/330\/revisions"}],"predecessor-version":[{"id":781,"href":"https:\/\/hubertus.fi\/sv\/wp-json\/wp\/v2\/pages\/330\/revisions\/781"}],"wp:attachment":[{"href":"https:\/\/hubertus.fi\/sv\/wp-json\/wp\/v2\/media?parent=330"}],"curies":[{"name":"wp","href":"https:\/\/api.w.org\/{rel}","templated":true}]}}