{"id":279,"date":"2024-05-22T10:54:58","date_gmt":"2024-05-22T07:54:58","guid":{"rendered":"https:\/\/hubertus.fi\/?page_id=279"},"modified":"2025-11-03T21:37:23","modified_gmt":"2025-11-03T19:37:23","slug":"maneesin-ja-kenttien-saannot","status":"publish","type":"page","link":"https:\/\/hubertus.fi\/sv\/maneesin-ja-kenttien-saannot\/","title":{"rendered":"Regler f\u00f6r manege och riplaner"},"content":{"rendered":"<p>[et_pb_section fb_built=&#8221;1&#8243; _builder_version=&#8221;4.25.1&#8243; _module_preset=&#8221;default&#8221; background_color=&#8221;#1F4C56&#8243; global_colors_info=&#8221;{}&#8221;][et_pb_row _builder_version=&#8221;4.25.1&#8243; _module_preset=&#8221;default&#8221; custom_padding=&#8221;120px||80px||false|false&#8221; global_colors_info=&#8221;{}&#8221;][et_pb_column type=&#8221;4_4&#8243; _builder_version=&#8221;4.25.1&#8243; _module_preset=&#8221;default&#8221; global_colors_info=&#8221;{}&#8221;][et_pb_text _builder_version=&#8221;4.25.1&#8243; _module_preset=&#8221;default&#8221; header_text_align=&#8221;left&#8221; header_text_color=&#8221;#FFFFFF&#8221; header_font_size=&#8221;70px&#8221; header_font_size_tablet=&#8221;40px&#8221; header_font_size_phone=&#8221;30px&#8221; header_font_size_last_edited=&#8221;on|phone&#8221; global_colors_info=&#8221;{}&#8221;]<\/p>\n<h1>Maneesin ja kenttien s\u00e4\u00e4nn\u00f6t<\/h1>\n<p>[\/et_pb_text][et_pb_text _builder_version=&#8221;4.25.1&#8243; _module_preset=&#8221;default&#8221; text_text_color=&#8221;#FFFFFF&#8221; text_font_size=&#8221;18px&#8221; text_line_height=&#8221;1.8em&#8221; link_font=&#8221;||||on|||#FFFFFF|&#8221; link_text_color=&#8221;#FFFFFF&#8221; text_font_size_tablet=&#8221;16px&#8221; text_font_size_phone=&#8221;15px&#8221; text_font_size_last_edited=&#8221;on|phone&#8221; global_colors_info=&#8221;{}&#8221;]<\/p>\n<p>Maneesin ja kenttien k\u00e4ytt\u00f6 edellytt\u00e4\u00e4 seuran varsinaista j\u00e4senyytt\u00e4 tai kannatusj\u00e4senyytt\u00e4. Varaukset maneesiin ja kent\u00e4lle tehd\u00e4\u00e4n TimeTree kalenterin kautta. Jos olet j\u00e4sen, etk\u00e4 ole saanut kutsua kalenterisovellukseen, pyyd\u00e4 se osoitteesta <a href=\"mailto:johtokuntavh@gmail.com\">johtokuntavh@gmail.com<\/a>.<\/p>\n<p>[\/et_pb_text][\/et_pb_column][\/et_pb_row][\/et_pb_section][et_pb_section fb_built=&#8221;1&#8243; _builder_version=&#8221;4.25.1&#8243; _module_preset=&#8221;default&#8221; global_colors_info=&#8221;{}&#8221;][et_pb_row _builder_version=&#8221;4.25.1&#8243; _module_preset=&#8221;default&#8221; global_colors_info=&#8221;{}&#8221;][et_pb_column type=&#8221;4_4&#8243; _builder_version=&#8221;4.25.1&#8243; _module_preset=&#8221;default&#8221; global_colors_info=&#8221;{}&#8221;][et_pb_text _builder_version=&#8221;4.27.4&#8243; _module_preset=&#8221;default&#8221; text_font_size=&#8221;18px&#8221; text_line_height=&#8221;1.8em&#8221; ul_line_height=&#8221;1.8em&#8221; hover_enabled=&#8221;0&#8243; text_font_size_tablet=&#8221;16px&#8221; text_font_size_phone=&#8221;15px&#8221; text_font_size_last_edited=&#8221;on|phone&#8221; global_colors_info=&#8221;{}&#8221; sticky_enabled=&#8221;0&#8243;]<\/p>\n<p>Kaikkien viihtyvyyden varmistamiseksi upeassa maneesissamme ja kentill\u00e4, huolehdithan omalta osaltasi seuraavista seikoista:<\/p>\n<p>&nbsp;<\/p>\n<h2>Valmentajat<\/h2>\n<ul>\n<li>Ei kahta valmentajaa yht\u00e4 aikaa \u2013 ensimm\u00e4isen\u00e4 varanneen etuajo-oikeus<\/li>\n<li>Varaa valmennukset v\u00e4hint\u00e4\u00e4n 2 p\u00e4iv\u00e4\u00e4 ennen ajankohtaa varauskalenterissa<\/li>\n<\/ul>\n<h2>Ratsastaessa<\/h2>\n<ul>\n<li>Jos aiot pelk\u00e4st\u00e4\u00e4n taluttaa hevosta, tee se mieluiten ulkona (jos s\u00e4\u00e4 vain suinkin sallii), koska taluttaja ja hevonen viev\u00e4t enemm\u00e4n tilaa maneesissa kuin ratsukko.<\/li>\n<li>Kysy aina muilta ratsukoilta lupaa juoksuttamiseen, \u00e4l\u00e4 loukkaannu jos se ei k\u00e4y. Juoksuttaessa hevosella t\u00e4ytyy olla suitset, jos muita ratsukoita paikalla.<\/li>\n<li>Uralla menn\u00e4\u00e4n ravia ja laukkaa. K\u00e4ynti\u00e4 uran sis\u00e4puolella.<\/li>\n<li>Ohitus tapahtuu oikealta ohi, kuten maantieliikenteess\u00e4kin. Vastaan tultaessa ratsastajien vasemmat k\u00e4det kohtaavat.<\/li>\n<li>Ohitus takaap\u00e4in tapahtuu sis\u00e4kautta<\/li>\n<\/ul>\n<h2>Muuta<\/h2>\n<ul>\n<li>Ker\u00e4\u00e4 hevosen j\u00e4t\u00f6kset maneesista ja piha-alueilta<\/li>\n<li>Tallissa asuvien hevosten primetime arkisin klo 16-20, t\u00e4ll\u00f6in ei ulkopuolisia hevosia ilman erillist\u00e4 sopimusta<\/li>\n<li>Juoksuttaessa tulleet j\u00e4ljet peitett\u00e4v\u00e4 (huom. my\u00f6s irtojuoksutus)<\/li>\n<li>Maneesissa liikutaan rauhallisesti, eik\u00e4 vaelleta sis\u00e4\u00e4n ja ulos tai huudeta ja juosta. V\u00e4lt\u00e4 my\u00f6s koirien, pikkulapsien, sateenvarjojen ja lastenvaunujen tuomista maneesiin, koska ne voivat h\u00e4irit\u00e4 hevosia ja aiheuttaa vaaratilanteita<\/li>\n<li>Maneesia ei voi varata omaan k\u00e4ytt\u00f6\u00f6n, ainoastaan esteet ovat t\u00e4ss\u00e4 poikkeus k\u00e4yt\u00e4nn\u00f6n syist\u00e4, eli maneesiin saa aina tulla liikuttamaan hevosensa vaikka olisi valmentajia<\/li>\n<li>Taluta hevosta maneesissa (ja kentill\u00e4) aina suitsilla\/ketjulla<\/li>\n<\/ul>\n<p>[\/et_pb_text][\/et_pb_column][\/et_pb_row][\/et_pb_section]<\/p>\n","protected":false},"excerpt":{"rendered":"<p>Maneesin ja kenttien s\u00e4\u00e4nn\u00f6tManeesin ja kenttien k\u00e4ytt\u00f6 edellytt\u00e4\u00e4 seuran varsinaista j\u00e4senyytt\u00e4 tai kannatusj\u00e4senyytt\u00e4. Varaukset maneesiin ja kent\u00e4lle tehd\u00e4\u00e4n TimeTree kalenterin kautta. Jos olet j\u00e4sen, etk\u00e4 ole saanut kutsua kalenterisovellukseen, pyyd\u00e4 se osoitteesta johtokuntavh@gmail.com.Kaikkien viihtyvyyden varmistamiseksi upeassa maneesissamme ja kentill\u00e4, huolehdithan omalta osaltasi seuraavista seikoista: &nbsp; Valmentajat Ei kahta valmentajaa yht\u00e4 aikaa \u2013 ensimm\u00e4isen\u00e4 varanneen etuajo-oikeus Varaa valmennukset v\u00e4hint\u00e4\u00e4n 2 p\u00e4iv\u00e4\u00e4 ennen ajankohtaa varauskalenterissa Ratsastaessa Jos aiot pelk\u00e4st\u00e4\u00e4n taluttaa hevosta, tee se mieluiten ulkona (jos s\u00e4\u00e4 vain suinkin sallii), koska taluttaja ja hevonen viev\u00e4t enemm\u00e4n tilaa maneesissa kuin ratsukko. Kysy aina muilta ratsukoilta lupaa juoksuttamiseen, \u00e4l\u00e4 loukkaannu jos se ei k\u00e4y. Juoksuttaessa hevosella t\u00e4ytyy olla suitset, jos muita ratsukoita paikalla. Uralla menn\u00e4\u00e4n ravia ja laukkaa. K\u00e4ynti\u00e4 uran sis\u00e4puolella. Ohitus tapahtuu oikealta ohi, kuten maantieliikenteess\u00e4kin. Vastaan tultaessa ratsastajien vasemmat k\u00e4det kohtaavat. Ohitus takaap\u00e4in tapahtuu sis\u00e4kautta Muuta Ker\u00e4\u00e4 hevosen j\u00e4t\u00f6kset maneesista ja piha-alueilta Tallissa asuvien hevosten primetime arkisin klo 16-20, t\u00e4ll\u00f6in ei ulkopuolisia hevosia ilman erillist\u00e4 sopimusta Juoksuttaessa tulleet j\u00e4ljet peitett\u00e4v\u00e4 (huom. my\u00f6s irtojuoksutus) Maneesissa liikutaan rauhallisesti, eik\u00e4 vaelleta sis\u00e4\u00e4n ja ulos tai huudeta ja juosta. V\u00e4lt\u00e4 my\u00f6s koirien, pikkulapsien, sateenvarjojen ja lastenvaunujen tuomista maneesiin, koska ne voivat h\u00e4irit\u00e4 hevosia ja aiheuttaa vaaratilanteita Maneesia ei voi varata omaan k\u00e4ytt\u00f6\u00f6n, ainoastaan esteet ovat t\u00e4ss\u00e4 [&hellip;]<\/p>\n","protected":false},"author":1,"featured_media":0,"parent":0,"menu_order":0,"comment_status":"closed","ping_status":"closed","template":"","meta":{"_et_pb_use_builder":"on","_et_pb_old_content":"","_et_gb_content_width":"","footnotes":""},"class_list":["post-279","page","type-page","status-publish","hentry"],"_links":{"self":[{"href":"https:\/\/hubertus.fi\/sv\/wp-json\/wp\/v2\/pages\/279","targetHints":{"allow":["GET"]}}],"collection":[{"href":"https:\/\/hubertus.fi\/sv\/wp-json\/wp\/v2\/pages"}],"about":[{"href":"https:\/\/hubertus.fi\/sv\/wp-json\/wp\/v2\/types\/page"}],"author":[{"embeddable":true,"href":"https:\/\/hubertus.fi\/sv\/wp-json\/wp\/v2\/users\/1"}],"replies":[{"embeddable":true,"href":"https:\/\/hubertus.fi\/sv\/wp-json\/wp\/v2\/comments?post=279"}],"version-history":[{"count":13,"href":"https:\/\/hubertus.fi\/sv\/wp-json\/wp\/v2\/pages\/279\/revisions"}],"predecessor-version":[{"id":866,"href":"https:\/\/hubertus.fi\/sv\/wp-json\/wp\/v2\/pages\/279\/revisions\/866"}],"wp:attachment":[{"href":"https:\/\/hubertus.fi\/sv\/wp-json\/wp\/v2\/media?parent=279"}],"curies":[{"name":"wp","href":"https:\/\/api.w.org\/{rel}","templated":true}]}}