{"id":25,"date":"2024-05-22T11:47:57","date_gmt":"2024-05-22T08:47:57","guid":{"rendered":"https:\/\/hubertus.fi\/?page_id=25"},"modified":"2024-06-17T10:04:31","modified_gmt":"2024-06-17T07:04:31","slug":"vaasan-hubertus-ry","status":"publish","type":"page","link":"https:\/\/hubertus.fi\/sv\/vaasan-hubertus-ry\/","title":{"rendered":"Vasa Hubertus rf"},"content":{"rendered":"<p>[et_pb_section fb_built=&#8221;1&#8243; _builder_version=&#8221;4.25.1&#8243; _module_preset=&#8221;default&#8221; background_color=&#8221;#1F4C56&#8243; global_colors_info=&#8221;{}&#8221;][et_pb_row custom_padding_last_edited=&#8221;on|phone&#8221; _builder_version=&#8221;4.25.1&#8243; _module_preset=&#8221;default&#8221; custom_padding=&#8221;120px||80px||false|false&#8221; custom_padding_tablet=&#8221;&#8221; custom_padding_phone=&#8221;||30px||false|false&#8221; global_colors_info=&#8221;{}&#8221;][et_pb_column type=&#8221;4_4&#8243; _builder_version=&#8221;4.25.1&#8243; _module_preset=&#8221;default&#8221; global_colors_info=&#8221;{}&#8221;][et_pb_text _builder_version=&#8221;4.25.1&#8243; _module_preset=&#8221;default&#8221; header_font=&#8221;||||||||&#8221; header_text_color=&#8221;#FFFFFF&#8221; header_font_size=&#8221;70px&#8221; header_line_height=&#8221;1.1em&#8221; header_font_size_tablet=&#8221;40px&#8221; header_font_size_phone=&#8221;30px&#8221; header_font_size_last_edited=&#8221;on|phone&#8221; global_colors_info=&#8221;{}&#8221;]<\/p>\n<h1>Vaasan Hubertus yhdistys &#8211; Vasa Hubertus f\u00f6rening ry<\/h1>\n<p>[\/et_pb_text][\/et_pb_column][\/et_pb_row][\/et_pb_section][et_pb_section fb_built=&#8221;1&#8243; disabled_on=&#8221;off|off|on&#8221; _builder_version=&#8221;4.25.1&#8243; _module_preset=&#8221;default&#8221; background_color=&#8221;#1F4C56&#8243; positioning=&#8221;fixed&#8221; position_origin_f=&#8221;bottom_center&#8221; z_index=&#8221;11&#8243; custom_padding=&#8221;0px||0px||true|false&#8221; global_colors_info=&#8221;{}&#8221;][et_pb_row column_structure=&#8221;1_3,1_3,1_3&#8243; _builder_version=&#8221;4.25.1&#8243; _module_preset=&#8221;default&#8221; width=&#8221;90%&#8221; max_height=&#8221;90px&#8221; custom_margin=&#8221;||||false|false&#8221; custom_padding=&#8221;30px||0px||false|false&#8221; custom_css_main_element=&#8221;display: flex;&#8221; global_colors_info=&#8221;{}&#8221;][et_pb_column type=&#8221;1_3&#8243; _builder_version=&#8221;4.25.1&#8243; _module_preset=&#8221;default&#8221; global_colors_info=&#8221;{}&#8221;][et_pb_blurb use_icon=&#8221;on&#8221; font_icon=&#8221;&#xf2b6;||fa||400&#8243; image_icon_width=&#8221;26px&#8221; _builder_version=&#8221;4.25.1&#8243; _module_preset=&#8221;default&#8221; custom_padding=&#8221;0px||0px||false|false&#8221; link_option_url=&#8221;mailto:johtokuntavh@gmail.com&#8221; global_colors_info=&#8221;{}&#8221;][\/et_pb_blurb][\/et_pb_column][et_pb_column type=&#8221;1_3&#8243; _builder_version=&#8221;4.25.1&#8243; _module_preset=&#8221;default&#8221; global_colors_info=&#8221;{}&#8221;][et_pb_blurb use_icon=&#8221;on&#8221; font_icon=&#8221;&#xf3cd;||fa||900&#8243; image_icon_width=&#8221;26px&#8221; _builder_version=&#8221;4.25.1&#8243; _module_preset=&#8221;default&#8221; custom_padding=&#8221;0px||0px||true|false&#8221; link_option_url=&#8221;tel:+358443772101&#8243; global_colors_info=&#8221;{}&#8221;][\/et_pb_blurb][\/et_pb_column][et_pb_column type=&#8221;1_3&#8243; _builder_version=&#8221;4.25.1&#8243; _module_preset=&#8221;default&#8221; global_colors_info=&#8221;{}&#8221;][et_pb_blurb use_icon=&#8221;on&#8221; font_icon=&#8221;&#xe081;||divi||400&#8243; image_icon_width=&#8221;26px&#8221; _builder_version=&#8221;4.25.1&#8243; _module_preset=&#8221;default&#8221; custom_padding=&#8221;0px||0px||true|false&#8221; link_option_url=&#8221;https:\/\/maps.app.goo.gl\/Xk64QNqiuJdpbJcv9&#8243; global_colors_info=&#8221;{}&#8221;][\/et_pb_blurb][\/et_pb_column][\/et_pb_row][\/et_pb_section][et_pb_section fb_built=&#8221;1&#8243; disabled_on=&#8221;off|off|off&#8221; _builder_version=&#8221;4.25.1&#8243; _module_preset=&#8221;default&#8221; global_colors_info=&#8221;{}&#8221;][et_pb_row _builder_version=&#8221;4.25.1&#8243; _module_preset=&#8221;default&#8221; global_colors_info=&#8221;{}&#8221;][et_pb_column type=&#8221;4_4&#8243; _builder_version=&#8221;4.25.1&#8243; _module_preset=&#8221;default&#8221; global_colors_info=&#8221;{}&#8221;][et_pb_text _builder_version=&#8221;4.25.1&#8243; _module_preset=&#8221;default&#8221; text_font_size=&#8221;18px&#8221; text_line_height=&#8221;1.8em&#8221; link_font=&#8221;||||on|||#19191B|solid&#8221; hover_enabled=&#8221;0&#8243; text_font_size_tablet=&#8221;16px&#8221; text_font_size_phone=&#8221;15px&#8221; text_font_size_last_edited=&#8221;on|phone&#8221; global_colors_info=&#8221;{}&#8221; sticky_enabled=&#8221;0&#8243;]<\/p>\n<p dir=\"ltr\"><span>Vaasan Hubertus on vuonna 1966 perustettu seura ja se on Suomen ainoita seuroja, joka omistaa oman tallin ja py\u00f6ritt\u00e4\u00e4 sen toimintaa vapaaehtoisvoimin. Tarjoamme tallillamme t\u00e4ysihoito ja puolihoitopaikkoja hevosille. Olemme innokkaita kisaj\u00e4rjest\u00e4ji\u00e4 ja yksi t\u00e4rkeimmist\u00e4 tavoitteistamme onkin ratsastusurheilun kehitt\u00e4minen ja kilpailumahdollisuuksien tarjoaminen alueellamme.<\/span><\/p>\n<p dir=\"ltr\"><span>Vaasan Hubertus on t\u00e4ysin kaksikielinen seura ja tallimme toimii tehokkaana kielikylpyn\u00e4. Juniorimme oppivat automaattisesti kaksikielisiksi ja tallilla puhutaan reippaasti molempia kieli\u00e4 iloisesti sekaisin. Kaksikielisyys on rikkaus, jota vaalimme.<\/span><\/p>\n<p dir=\"ltr\"><span>Yhdistystoiminta kasvattaa sosiaalisia taitoja ja opettaa vastuunottoa. Jokainen voi keksi\u00e4 mit\u00e4 toimintaa tarvitaan ja tarttua toimeen. Olemme juuri sellainen seura kuin j\u00e4senist\u00f6mme haluaa! Seura kannustaa ja tukee j\u00e4seni\u00e4\u00e4n sis\u00e4iseen yritt\u00e4jyyteen sek\u00e4 aktiivisuuteen. Avoin ja keskusteleva ilmapiirimme rohkaisee luovuuteen.<\/span><\/p>\n<p dir=\"ltr\"><span>Seuramme on kasvattanut monia menestyvi\u00e4 ratsastajia, jotka edustavat Hubertusta alue- ja kansallisissa kisoissa. Tuemme j\u00e4seni\u00e4mme valmentautumaan ja kilpailemaan, mutta jokainen saa harrastaa omalla tavallaan, omalla tasollaan. Hevosen hyvinvointi on meille kaikille ensimm\u00e4isell\u00e4 sijalla.<\/span><\/p>\n<p dir=\"ltr\"><span>Hubertuksen talli sijaitsee Vaasan keskustan l\u00e4hist\u00f6ll\u00e4 ja tarjoaa upeat puitteet harrastamiseen. Kaksi isoa ulkokentt\u00e4\u00e4 ratsastukseen, sek\u00e4 iso maneesi talvikautta varten mahdollistavat aktiivisen harjoittelun. Panostamme erityisesti turvallisuuteen ja yhteis\u00f6llisyyteen. Meid\u00e4n tallilla ei kiusata!<\/span><\/p>\n<p dir=\"ltr\"><span>Tervetuloa Hubertuksen j\u00e4seneksi!<\/span><\/p>\n<p dir=\"ltr\"><span>Tiedotamme seuratoiminnasta my\u00f6s <a href=\"https:\/\/www.facebook.com\/Hubertus.rf\/?locale=fi_FI\" target=\"_blank\" rel=\"noopener\">Facebookissa<\/a> ja <a href=\"https:\/\/www.instagram.com\/vaasanhubertusry\/?hl=fi\" target=\"_blank\" rel=\"noopener\">Instagramissa<\/a>.<br \/><\/span><\/p>\n<p dir=\"ltr\"><span>Liity seuraamme Suomen ratsastajainliiton sivuilla <a href=\"https:\/\/liity.ratsastus.fi\/\" target=\"_blank\" rel=\"noopener\">https:\/\/liity.ratsastus.fi\/<\/a><\/span><\/p>\n<p>[\/et_pb_text][\/et_pb_column][\/et_pb_row][\/et_pb_section]<\/p>\n","protected":false},"excerpt":{"rendered":"<p>Vaasan Hubertus yhdistys &#8211; Vasa Hubertus f\u00f6rening ryVaasan Hubertus on vuonna 1966 perustettu seura ja se on Suomen ainoita seuroja, joka omistaa oman tallin ja py\u00f6ritt\u00e4\u00e4 sen toimintaa vapaaehtoisvoimin. Tarjoamme tallillamme t\u00e4ysihoito ja puolihoitopaikkoja hevosille. Olemme innokkaita kisaj\u00e4rjest\u00e4ji\u00e4 ja yksi t\u00e4rkeimmist\u00e4 tavoitteistamme onkin ratsastusurheilun kehitt\u00e4minen ja kilpailumahdollisuuksien tarjoaminen alueellamme. Vaasan Hubertus on t\u00e4ysin kaksikielinen seura ja tallimme toimii tehokkaana kielikylpyn\u00e4. Juniorimme oppivat automaattisesti kaksikielisiksi ja tallilla puhutaan reippaasti molempia kieli\u00e4 iloisesti sekaisin. Kaksikielisyys on rikkaus, jota vaalimme. Yhdistystoiminta kasvattaa sosiaalisia taitoja ja opettaa vastuunottoa. Jokainen voi keksi\u00e4 mit\u00e4 toimintaa tarvitaan ja tarttua toimeen. Olemme juuri sellainen seura kuin j\u00e4senist\u00f6mme haluaa! Seura kannustaa ja tukee j\u00e4seni\u00e4\u00e4n sis\u00e4iseen yritt\u00e4jyyteen sek\u00e4 aktiivisuuteen. Avoin ja keskusteleva ilmapiirimme rohkaisee luovuuteen. Seuramme on kasvattanut monia menestyvi\u00e4 ratsastajia, jotka edustavat Hubertusta alue- ja kansallisissa kisoissa. Tuemme j\u00e4seni\u00e4mme valmentautumaan ja kilpailemaan, mutta jokainen saa harrastaa omalla tavallaan, omalla tasollaan. Hevosen hyvinvointi on meille kaikille ensimm\u00e4isell\u00e4 sijalla. Hubertuksen talli sijaitsee Vaasan keskustan l\u00e4hist\u00f6ll\u00e4 ja tarjoaa upeat puitteet harrastamiseen. Kaksi isoa ulkokentt\u00e4\u00e4 ratsastukseen, sek\u00e4 iso maneesi talvikautta varten mahdollistavat aktiivisen harjoittelun. Panostamme erityisesti turvallisuuteen ja yhteis\u00f6llisyyteen. Meid\u00e4n tallilla ei kiusata! Tervetuloa Hubertuksen j\u00e4seneksi! Tiedotamme seuratoiminnasta my\u00f6s Facebookissa ja Instagramissa. Liity seuraamme Suomen ratsastajainliiton sivuilla https:\/\/liity.ratsastus.fi\/<\/p>","protected":false},"author":1,"featured_media":0,"parent":0,"menu_order":0,"comment_status":"closed","ping_status":"closed","template":"","meta":{"_et_pb_use_builder":"on","_et_pb_old_content":"","_et_gb_content_width":"","footnotes":""},"class_list":["post-25","page","type-page","status-publish","hentry"],"_links":{"self":[{"href":"https:\/\/hubertus.fi\/sv\/wp-json\/wp\/v2\/pages\/25","targetHints":{"allow":["GET"]}}],"collection":[{"href":"https:\/\/hubertus.fi\/sv\/wp-json\/wp\/v2\/pages"}],"about":[{"href":"https:\/\/hubertus.fi\/sv\/wp-json\/wp\/v2\/types\/page"}],"author":[{"embeddable":true,"href":"https:\/\/hubertus.fi\/sv\/wp-json\/wp\/v2\/users\/1"}],"replies":[{"embeddable":true,"href":"https:\/\/hubertus.fi\/sv\/wp-json\/wp\/v2\/comments?post=25"}],"version-history":[{"count":85,"href":"https:\/\/hubertus.fi\/sv\/wp-json\/wp\/v2\/pages\/25\/revisions"}],"predecessor-version":[{"id":586,"href":"https:\/\/hubertus.fi\/sv\/wp-json\/wp\/v2\/pages\/25\/revisions\/586"}],"wp:attachment":[{"href":"https:\/\/hubertus.fi\/sv\/wp-json\/wp\/v2\/media?parent=25"}],"curies":[{"name":"wp","href":"https:\/\/api.w.org\/{rel}","templated":true}]}}