{"id":248,"date":"2024-05-22T10:57:58","date_gmt":"2024-05-22T07:57:58","guid":{"rendered":"https:\/\/hubertus.fi\/?page_id=248"},"modified":"2024-06-17T11:54:04","modified_gmt":"2024-06-17T08:54:04","slug":"ratsastusalueet","status":"publish","type":"page","link":"https:\/\/hubertus.fi\/sv\/ratsastusalueet\/","title":{"rendered":"Ridomr\u00e5den"},"content":{"rendered":"<p>[et_pb_section fb_built=&#8221;1&#8243; _builder_version=&#8221;4.25.1&#8243; _module_preset=&#8221;default&#8221; background_color=&#8221;#1F4C56&#8243; background_enable_image=&#8221;off&#8221; global_colors_info=&#8221;{}&#8221;][et_pb_row _builder_version=&#8221;4.25.1&#8243; _module_preset=&#8221;default&#8221; custom_padding=&#8221;120px||80px||false|false&#8221; global_colors_info=&#8221;{}&#8221;][et_pb_column type=&#8221;4_4&#8243; _builder_version=&#8221;4.25.1&#8243; _module_preset=&#8221;default&#8221; global_colors_info=&#8221;{}&#8221;][et_pb_text _builder_version=&#8221;4.25.1&#8243; _module_preset=&#8221;default&#8221; header_text_align=&#8221;center&#8221; header_text_color=&#8221;#FFFFFF&#8221; header_font_size=&#8221;70px&#8221; header_font_size_tablet=&#8221;50px&#8221; header_font_size_phone=&#8221;34px&#8221; header_font_size_last_edited=&#8221;on|phone&#8221; header_text_shadow_style=&#8221;preset3&#8243; global_colors_info=&#8221;{}&#8221;]<\/p>\n<h1>Ratsastusalueet<\/h1>\n<p>[\/et_pb_text][\/et_pb_column][\/et_pb_row][\/et_pb_section][et_pb_section fb_built=&#8221;1&#8243; custom_padding_last_edited=&#8221;on|phone&#8221; disabled_on=&#8221;off|off|off&#8221; _builder_version=&#8221;4.25.1&#8243; _module_preset=&#8221;default&#8221; custom_padding=&#8221;100px||50px||false|false&#8221; custom_padding_tablet=&#8221;||40px||false|false&#8221; custom_padding_phone=&#8221;100px||0px||false|false&#8221; global_colors_info=&#8221;{}&#8221;][et_pb_row column_structure=&#8221;1_2,1_4,1_4&#8243; use_custom_gutter=&#8221;on&#8221; gutter_width=&#8221;1&#8243; make_equal=&#8221;on&#8221; _builder_version=&#8221;4.25.1&#8243; _module_preset=&#8221;default&#8221; width=&#8221;100%&#8221; max_width=&#8221;100%&#8221; custom_margin=&#8221;||||false|false&#8221; custom_margin_tablet=&#8221;||||false|false&#8221; custom_margin_phone=&#8221;||20px||false|false&#8221; custom_margin_last_edited=&#8221;on|phone&#8221; custom_padding=&#8221;0px||0px||true|false&#8221; global_colors_info=&#8221;{}&#8221;][et_pb_column type=&#8221;1_2&#8243; _builder_version=&#8221;4.25.1&#8243; _module_preset=&#8221;default&#8221; custom_padding=&#8221;100px|15vh|100px|100px|true|false&#8221; custom_padding_tablet=&#8221;0px|100px|100px|100px|false|false&#8221; custom_padding_phone=&#8221;0px|40px||40px|false|false&#8221; custom_padding_last_edited=&#8221;on|phone&#8221; global_colors_info=&#8221;{}&#8221;][et_pb_text _builder_version=&#8221;4.25.1&#8243; _module_preset=&#8221;default&#8221; header_2_font_size=&#8221;40px&#8221; header_4_font=&#8221;EB Garamond||||||||&#8221; header_4_text_align=&#8221;left&#8221; header_4_text_color=&#8221;#000000&#8243; header_4_font_size=&#8221;42px&#8221; header_4_letter_spacing=&#8221;0.8px&#8221; header_2_font_size_tablet=&#8221;34px&#8221; header_2_font_size_phone=&#8221;28px&#8221; header_2_font_size_last_edited=&#8221;on|phone&#8221; global_colors_info=&#8221;{}&#8221;]<\/p>\n<h2>Maneesi<\/h2>\n<p>[\/et_pb_text][et_pb_text _builder_version=&#8221;4.25.1&#8243; _module_preset=&#8221;default&#8221; text_font_size=&#8221;18px&#8221; text_line_height=&#8221;1.8em&#8221; module_alignment=&#8221;left&#8221; custom_margin=&#8221;25px||||false|false&#8221; hover_enabled=&#8221;0&#8243; text_font_size_tablet=&#8221;16px&#8221; text_font_size_phone=&#8221;15px&#8221; text_font_size_last_edited=&#8221;on|phone&#8221; global_colors_info=&#8221;{}&#8221; sticky_enabled=&#8221;0&#8243;]<\/p>\n<p>Vaasan Hubertuksella on t\u00e4yspitk\u00e4 maneesi, rakennettu 2014. Maneesin koko 64\u00d722, ratsastusalue 63\u00d720.<\/p>\n<p>Maneesi on rakennettu kokonaan ter\u00e4ksest\u00e4 ja pellist\u00e4. Sis\u00e4ll\u00e4 on k\u00e4ytetty vaaleita v\u00e4rej\u00e4. Seiniss\u00e4 on suuret ikkunat, jotka takaavat valoisan milj\u00f6\u00f6n. Kattolevyiss\u00e4 kosteudenpys\u00e4ytt\u00e4j\u00e4t, jotka minimoivat nopeita l\u00e4mp\u00f6tilojenvaihteluita. Katossa on energiaa s\u00e4\u00e4st\u00e4v\u00e4t lamput. Pohja koostuu hiekasta ja kumirouheesta. Maneesin toisessa p\u00e4\u00e4dyss\u00e4 on peilit koko lyhyen sivun mitalta.<\/p>\n<p>Pohjiamme huolletaan s\u00e4\u00e4nn\u00f6llisesti.<\/p>\n<p>[\/et_pb_text][et_pb_button button_text=&#8221;Varauskalenteri&#8221; button_alignment=&#8221;left&#8221; disabled_on=&#8221;on|on|on&#8221; _builder_version=&#8221;4.25.1&#8243; _module_preset=&#8221;default&#8221; custom_button=&#8221;on&#8221; button_text_size=&#8221;14px&#8221; button_text_color=&#8221;#000000&#8243; button_bg_color=&#8221;rgba(0,0,0,0)&#8221; button_border_width=&#8221;1px&#8221; button_border_color=&#8221;#010101&#8243; button_border_radius=&#8221;0px&#8221; button_letter_spacing=&#8221;1px&#8221; button_font=&#8221;|||on|||||&#8221; button_use_icon=&#8221;off&#8221; custom_margin=&#8221;40px||||false|false&#8221; custom_padding=&#8221;15px|32px|13px|32px|false|true&#8221; disabled=&#8221;on&#8221; global_colors_info=&#8221;{}&#8221; button_text_color__hover_enabled=&#8221;on|hover&#8221; button_text_color__hover=&#8221;#ffffff&#8221; button_bg_color__hover_enabled=&#8221;on|hover&#8221; button_bg_color__hover=&#8221;#3a3a3a&#8221; button_bg_enable_color__hover=&#8221;on&#8221; button_border_color__hover_enabled=&#8221;on|desktop&#8221; button_border_color__hover=&#8221;#3a3a3a&#8221; button_letter_spacing__hover_enabled=&#8221;on|desktop&#8221; button_letter_spacing__hover=&#8221;1px&#8221;][\/et_pb_button][\/et_pb_column][et_pb_column type=&#8221;1_4&#8243; _builder_version=&#8221;4.25.1&#8243; _module_preset=&#8221;default&#8221; background_image=&#8221;https:\/\/hubertus.fi\/wp-content\/uploads\/2024\/05\/Vaasan-Hubertus-maneesi.jpg&#8221; border_width_right=&#8221;20px&#8221; border_color_right=&#8221;#ffffff&#8221; border_width_right_tablet=&#8221;&#8221; border_width_right_phone=&#8221;0px&#8221; border_width_right_last_edited=&#8221;on|phone&#8221; global_colors_info=&#8221;{}&#8221;][et_pb_divider show_divider=&#8221;off&#8221; _builder_version=&#8221;4.16&#8243; _module_preset=&#8221;default&#8221; custom_padding_tablet=&#8221;40%||40%||true|false&#8221; custom_padding_phone=&#8221;40%||40%||true|false&#8221; custom_padding_last_edited=&#8221;on|phone&#8221; global_colors_info=&#8221;{}&#8221;][\/et_pb_divider][\/et_pb_column][et_pb_column type=&#8221;1_4&#8243; _builder_version=&#8221;4.25.1&#8243; _module_preset=&#8221;default&#8221; background_image=&#8221;https:\/\/hubertus.fi\/wp-content\/uploads\/2024\/05\/Koulukisat-Vaasan-Hubertus.jpg&#8221; border_width_left=&#8221;20px&#8221; border_color_left=&#8221;#ffffff&#8221; border_width_all_tablet=&#8221;&#8221; border_width_all_phone=&#8221;&#8221; border_width_all_last_edited=&#8221;on|phone&#8221; border_width_top_tablet=&#8221;&#8221; border_width_top_phone=&#8221;20px&#8221; border_width_top_last_edited=&#8221;on|phone&#8221; border_color_top_tablet=&#8221;&#8221; border_color_top_phone=&#8221;#ffffff&#8221; border_color_top_last_edited=&#8221;on|phone&#8221; border_width_left_tablet=&#8221;&#8221; border_width_left_phone=&#8221;0px&#8221; border_width_left_last_edited=&#8221;on|phone&#8221; global_colors_info=&#8221;{}&#8221;][et_pb_divider show_divider=&#8221;off&#8221; _builder_version=&#8221;4.16&#8243; _module_preset=&#8221;default&#8221; custom_padding_tablet=&#8221;40%||40%||true|false&#8221; custom_padding_phone=&#8221;40%||40%||true|false&#8221; custom_padding_last_edited=&#8221;on|phone&#8221; global_colors_info=&#8221;{}&#8221;][\/et_pb_divider][\/et_pb_column][\/et_pb_row][\/et_pb_section][et_pb_section fb_built=&#8221;1&#8243; custom_padding_last_edited=&#8221;on|phone&#8221; disabled_on=&#8221;off|off|off&#8221; _builder_version=&#8221;4.25.1&#8243; _module_preset=&#8221;default&#8221; background_enable_color=&#8221;off&#8221; custom_padding=&#8221;50px||100px||false|false&#8221; custom_padding_tablet=&#8221;40px||||false|false&#8221; custom_padding_phone=&#8221;0px||||false|false&#8221; global_colors_info=&#8221;{}&#8221;][et_pb_row column_structure=&#8221;1_4,1_4,1_2&#8243; use_custom_gutter=&#8221;on&#8221; gutter_width=&#8221;1&#8243; make_equal=&#8221;on&#8221; _builder_version=&#8221;4.25.1&#8243; _module_preset=&#8221;default&#8221; width=&#8221;100%&#8221; max_width=&#8221;100%&#8221; custom_padding=&#8221;0px||0px||true|false&#8221; global_colors_info=&#8221;{}&#8221;][et_pb_column type=&#8221;1_4&#8243; _builder_version=&#8221;4.25.1&#8243; _module_preset=&#8221;default&#8221; background_image=&#8221;https:\/\/hubertus.fi\/wp-content\/uploads\/2024\/05\/horse-1203589_1920.jpg&#8221; border_width_right=&#8221;20px&#8221; border_color_right=&#8221;#FFFFFF&#8221; border_width_right_tablet=&#8221;&#8221; border_width_right_phone=&#8221;0px&#8221; border_width_right_last_edited=&#8221;on|phone&#8221; global_colors_info=&#8221;{}&#8221;][et_pb_divider show_divider=&#8221;off&#8221; _builder_version=&#8221;4.16&#8243; _module_preset=&#8221;default&#8221; custom_padding_tablet=&#8221;40%||40%||true|false&#8221; custom_padding_phone=&#8221;40%||40%||true|false&#8221; custom_padding_last_edited=&#8221;on|phone&#8221; global_colors_info=&#8221;{}&#8221;][\/et_pb_divider][\/et_pb_column][et_pb_column type=&#8221;1_4&#8243; _builder_version=&#8221;4.25.1&#8243; _module_preset=&#8221;default&#8221; background_image=&#8221;https:\/\/hubertus.fi\/wp-content\/uploads\/2024\/05\/philippe-oursel-ykioooPo2qk-unsplash.jpg&#8221; border_width_left=&#8221;20px&#8221; border_color_left=&#8221;#FFFFFF&#8221; border_width_top_tablet=&#8221;&#8221; border_width_top_phone=&#8221;20px&#8221; border_width_top_last_edited=&#8221;on|phone&#8221; border_color_top_tablet=&#8221;&#8221; border_color_top_phone=&#8221;#FFFFFF&#8221; border_color_top_last_edited=&#8221;on|phone&#8221; border_width_left_tablet=&#8221;20px&#8221; border_width_left_phone=&#8221;0px&#8221; border_width_left_last_edited=&#8221;on|phone&#8221; global_colors_info=&#8221;{}&#8221;][et_pb_divider show_divider=&#8221;off&#8221; _builder_version=&#8221;4.16&#8243; _module_preset=&#8221;default&#8221; custom_padding_tablet=&#8221;40%||40%||true|false&#8221; custom_padding_phone=&#8221;40%||40%||true|false&#8221; custom_padding_last_edited=&#8221;on|phone&#8221; global_colors_info=&#8221;{}&#8221;][\/et_pb_divider][\/et_pb_column][et_pb_column type=&#8221;1_2&#8243; _builder_version=&#8221;4.25.1&#8243; _module_preset=&#8221;default&#8221; custom_padding=&#8221;100px|15vh|100px|100px|true|false&#8221; custom_padding_tablet=&#8221;100px|100px|0px|100px|false|false&#8221; custom_padding_phone=&#8221;40px|40px|0px|40px|false|false&#8221; custom_padding_last_edited=&#8221;on|phone&#8221; global_colors_info=&#8221;{}&#8221;][et_pb_text _builder_version=&#8221;4.25.1&#8243; _module_preset=&#8221;default&#8221; header_font_size=&#8221;40px&#8221; header_2_font_size=&#8221;40px&#8221; header_4_font=&#8221;EB Garamond||||||||&#8221; header_4_text_align=&#8221;left&#8221; header_4_text_color=&#8221;#000000&#8243; header_4_font_size=&#8221;42px&#8221; header_4_letter_spacing=&#8221;0.8px&#8221; header_font_size_tablet=&#8221;34px&#8221; header_font_size_phone=&#8221;28px&#8221; header_font_size_last_edited=&#8221;on|phone&#8221; header_2_font_size_tablet=&#8221;34px&#8221; header_2_font_size_phone=&#8221;28px&#8221; header_2_font_size_last_edited=&#8221;on|phone&#8221; global_colors_info=&#8221;{}&#8221;]<\/p>\n<h2>Kent\u00e4t ja maastot<\/h2>\n<p>[\/et_pb_text][et_pb_text _builder_version=&#8221;4.25.1&#8243; _module_preset=&#8221;default&#8221; text_font_size=&#8221;18px&#8221; text_line_height=&#8221;1.8em&#8221; module_alignment=&#8221;left&#8221; custom_margin=&#8221;25px||||false|false&#8221; hover_enabled=&#8221;0&#8243; text_font_size_tablet=&#8221;16px&#8221; text_font_size_phone=&#8221;15px&#8221; text_font_size_last_edited=&#8221;on|phone&#8221; global_colors_info=&#8221;{}&#8221; sticky_enabled=&#8221;0&#8243;]<\/p>\n<p>Hubertuksella on kaksi ratsastuskentt\u00e4\u00e4, pienempi 60m x 20m ja isompi 38 x 78m. Ison kent\u00e4n, \u201destekent\u00e4n\u201d, pohja on hiekkaa ja pienemm\u00e4n ulkokent\u00e4n pohja koostuu hiekasta ja kumirouheesta. Kes\u00e4ll\u00e4 isolla kent\u00e4ll\u00e4 pidet\u00e4\u00e4n aina esteit\u00e4 esill\u00e4 eli hypp\u00e4\u00e4m\u00e4\u00e4n p\u00e4\u00e4see helposti.<\/p>\n<p>Hubertuksella on my\u00f6s laaja estekalusto, sek\u00e4 maneesi- ett\u00e4 ulkok\u00e4ytt\u00f6\u00f6n.<\/p>\n<p>Tallin pihasta p\u00e4\u00e4see mets\u00e4lenkille maastoilemaan ja l\u00e4hist\u00f6ll\u00e4 on rauhallisia asuinalueita.<\/p>\n<p>[\/et_pb_text][et_pb_button button_url=&#8221;@ET-DC@eyJkeW5hbWljIjp0cnVlLCJjb250ZW50IjoicG9zdF9saW5rX3VybF9wYWdlIiwic2V0dGluZ3MiOnsicG9zdF9pZCI6IjI3OSJ9fQ==@&#8221; button_text=&#8221;K\u00e4ytt\u00f6s\u00e4\u00e4nn\u00f6t&#8221; button_alignment=&#8221;left&#8221; disabled_on=&#8221;on|on|on&#8221; _builder_version=&#8221;4.25.1&#8243; _dynamic_attributes=&#8221;button_url&#8221; _module_preset=&#8221;default&#8221; custom_button=&#8221;on&#8221; button_text_size=&#8221;14px&#8221; button_text_color=&#8221;#000000&#8243; button_bg_color=&#8221;rgba(0,0,0,0)&#8221; button_border_width=&#8221;1px&#8221; button_border_color=&#8221;#010101&#8243; button_border_radius=&#8221;0px&#8221; button_letter_spacing=&#8221;1px&#8221; button_font=&#8221;|||on|||||&#8221; button_use_icon=&#8221;off&#8221; custom_margin=&#8221;40px||||false|false&#8221; custom_padding=&#8221;15px|32px|13px|32px|false|true&#8221; disabled=&#8221;on&#8221; global_colors_info=&#8221;{}&#8221; button_text_color__hover_enabled=&#8221;on|hover&#8221; button_text_color__hover=&#8221;#ffffff&#8221; button_bg_color__hover_enabled=&#8221;on|hover&#8221; button_bg_color__hover=&#8221;#3a3a3a&#8221; button_bg_enable_color__hover=&#8221;on&#8221; button_border_color__hover_enabled=&#8221;on|desktop&#8221; button_border_color__hover=&#8221;#3a3a3a&#8221; button_letter_spacing__hover_enabled=&#8221;on|desktop&#8221; button_letter_spacing__hover=&#8221;1px&#8221;][\/et_pb_button][\/et_pb_column][\/et_pb_row][\/et_pb_section]<\/p>\n","protected":false},"excerpt":{"rendered":"<p>RatsastusalueetManeesiVaasan Hubertuksella on t\u00e4yspitk\u00e4 maneesi, rakennettu 2014. Maneesin koko 64\u00d722, ratsastusalue 63\u00d720. Maneesi on rakennettu kokonaan ter\u00e4ksest\u00e4 ja pellist\u00e4. Sis\u00e4ll\u00e4 on k\u00e4ytetty vaaleita v\u00e4rej\u00e4. Seiniss\u00e4 on suuret ikkunat, jotka takaavat valoisan milj\u00f6\u00f6n. Kattolevyiss\u00e4 kosteudenpys\u00e4ytt\u00e4j\u00e4t, jotka minimoivat nopeita l\u00e4mp\u00f6tilojenvaihteluita. Katossa on energiaa s\u00e4\u00e4st\u00e4v\u00e4t lamput. Pohja koostuu hiekasta ja kumirouheesta. Maneesin toisessa p\u00e4\u00e4dyss\u00e4 on peilit koko lyhyen sivun mitalta. Pohjiamme huolletaan s\u00e4\u00e4nn\u00f6llisesti.Kent\u00e4t ja maastotHubertuksella on kaksi ratsastuskentt\u00e4\u00e4, pienempi 60m x 20m ja isompi 38 x 78m. Ison kent\u00e4n, \u201destekent\u00e4n\u201d, pohja on hiekkaa ja pienemm\u00e4n ulkokent\u00e4n pohja koostuu hiekasta ja kumirouheesta. Kes\u00e4ll\u00e4 isolla kent\u00e4ll\u00e4 pidet\u00e4\u00e4n aina esteit\u00e4 esill\u00e4 eli hypp\u00e4\u00e4m\u00e4\u00e4n p\u00e4\u00e4see helposti. Hubertuksella on my\u00f6s laaja estekalusto, sek\u00e4 maneesi- ett\u00e4 ulkok\u00e4ytt\u00f6\u00f6n. Tallin pihasta p\u00e4\u00e4see mets\u00e4lenkille maastoilemaan ja l\u00e4hist\u00f6ll\u00e4 on rauhallisia asuinalueita.<\/p>","protected":false},"author":1,"featured_media":0,"parent":0,"menu_order":0,"comment_status":"closed","ping_status":"closed","template":"","meta":{"_et_pb_use_builder":"on","_et_pb_old_content":"","_et_gb_content_width":"","footnotes":""},"class_list":["post-248","page","type-page","status-publish","hentry"],"_links":{"self":[{"href":"https:\/\/hubertus.fi\/sv\/wp-json\/wp\/v2\/pages\/248","targetHints":{"allow":["GET"]}}],"collection":[{"href":"https:\/\/hubertus.fi\/sv\/wp-json\/wp\/v2\/pages"}],"about":[{"href":"https:\/\/hubertus.fi\/sv\/wp-json\/wp\/v2\/types\/page"}],"author":[{"embeddable":true,"href":"https:\/\/hubertus.fi\/sv\/wp-json\/wp\/v2\/users\/1"}],"replies":[{"embeddable":true,"href":"https:\/\/hubertus.fi\/sv\/wp-json\/wp\/v2\/comments?post=248"}],"version-history":[{"count":29,"href":"https:\/\/hubertus.fi\/sv\/wp-json\/wp\/v2\/pages\/248\/revisions"}],"predecessor-version":[{"id":651,"href":"https:\/\/hubertus.fi\/sv\/wp-json\/wp\/v2\/pages\/248\/revisions\/651"}],"wp:attachment":[{"href":"https:\/\/hubertus.fi\/sv\/wp-json\/wp\/v2\/media?parent=248"}],"curies":[{"name":"wp","href":"https:\/\/api.w.org\/{rel}","templated":true}]}}